{"id":38,"date":"2016-11-28T23:21:43","date_gmt":"2016-11-28T23:21:43","guid":{"rendered":"http:\/\/probin.info\/technos\/?post_type=product&#038;p=38"},"modified":"2020-06-18T12:54:56","modified_gmt":"2020-06-18T12:54:56","slug":"dalim-es","status":"publish","type":"product","link":"https:\/\/helpful.my-mind.online\/?product=dalim-es","title":{"rendered":"Dalim ES"},"content":{"rendered":"<p><img loading=\"lazy\" decoding=\"async\" class=\"alignnone wp-image-1629\" src=\"http:\/\/helpful.my-mind.onlinewp-content\/uploads\/2016\/11\/dalim_es_08.png\" alt=\"\" width=\"413\" height=\"238\" srcset=\"https:\/\/helpful.my-mind.online\/wp-content\/uploads\/2016\/11\/dalim_es_08.png 502w, https:\/\/helpful.my-mind.online\/wp-content\/uploads\/2016\/11\/dalim_es_08-150x86.png 150w, https:\/\/helpful.my-mind.online\/wp-content\/uploads\/2016\/11\/dalim_es_08-100x58.png 100w\" sizes=\"auto, (max-width: 413px) 100vw, 413px\" \/><\/p>\n<div class=\"gdlr-title-item\">\n<div class=\"gdlr-item-title-wrapper gdlr-item pos-center \">\n<div class=\"clear\">\n<div class=\"gdlr-title-item\">\n<div class=\"gdlr-item-title-wrapper gdlr-item pos-center \">\n<div class=\"gdlr-item-title-head\">\n<h3 class=\"gdlr-item-title gdlr-skin-title gdlr-skin-border gdlr-title-large\">Managing a complete project consists of more than just the approval workflow<\/h3>\n<\/div>\n<\/div>\n<\/div>\n<div class=\"six columns\">\n<div class=\"gdlr-item gdlr-content-item\">\n<div class=\"page\" title=\"Page 2\">\n<div class=\"section\">\n<div class=\"layoutArea\">\n<div class=\"column\">\n<p>Whether a newspaper advertisement, catalog pages, a series of labels for a bottle or any other marketing material, managing a project consists of much more than just a single task. It\u2019s about producing, managing, transforming and sharing digital content with the appropriate tools, the right people, at the right time \u2014 any time and anywhere.<\/p>\n<hr \/>\n<\/div>\n<\/div>\n<\/div>\n<\/div>\n<\/div>\n<\/div>\n<h3 class=\"gdlr-item-title gdlr-skin-title gdlr-skin-border gdlr-title-large\">G\u00e9rer un projet entier ne consiste pas seulement en un simple cycle de validation<\/h3>\n<p>Lors de la fabrication d\u2019un journal de petites annonces, d\u2019un catalogue, d\u2019une s\u00e9rie d\u2019\u00e9tiquettes pour bouteille ou n\u2019importe quelques autres visuels marketing, la gestion du projet consiste en bien plus qu\u2019une \u00e9tape unique. Il s\u2019agit de produire, g\u00e9rer, transformer et partager des contenus num\u00e9riques avec les outils appropri\u00e9s, les bonnes personnes et aux bons moments, de n\u2019importe o\u00f9 et n\u2019importe quand.<\/p>\n<hr \/>\n<\/div>\n<div class=\"clear\">\n<p><iframe loading=\"lazy\" src=\"\/\/www.youtube.com\/embed\/Xdtoaao1m24\" width=\"560\" height=\"314\" allowfullscreen=\"allowfullscreen\"><\/iframe><\/p>\n<p><img loading=\"lazy\" decoding=\"async\" class=\"alignnone wp-image-1622\" src=\"http:\/\/helpful.my-mind.onlinewp-content\/uploads\/2016\/11\/dalim_es_01.png\" alt=\"\" width=\"508\" height=\"275\" srcset=\"https:\/\/helpful.my-mind.online\/wp-content\/uploads\/2016\/11\/dalim_es_01.png 1001w, https:\/\/helpful.my-mind.online\/wp-content\/uploads\/2016\/11\/dalim_es_01-150x81.png 150w, https:\/\/helpful.my-mind.online\/wp-content\/uploads\/2016\/11\/dalim_es_01-100x54.png 100w, https:\/\/helpful.my-mind.online\/wp-content\/uploads\/2016\/11\/dalim_es_01-768x415.png 768w\" sizes=\"auto, (max-width: 508px) 100vw, 508px\" \/><\/p>\n<hr \/>\n<p>Annotation on image and pdf file with <a href=\"http:\/\/helpful.my-mind.online?product=dalim-dialogue\">DALIM Dialogue<\/a><\/p>\n<hr \/>\n<div id='gallery-1' class='gallery galleryid-38 gallery-columns-3 gallery-size-thumbnail'><figure class='gallery-item'>\n\t\t\t<div class='gallery-icon landscape'>\n\t\t\t\t<a href='https:\/\/helpful.my-mind.online\/wp-content\/uploads\/2016\/11\/dalim_es_07.png' rel=\"lightbox[gallery-0]\"><img loading=\"lazy\" decoding=\"async\" width=\"100\" height=\"100\" src=\"https:\/\/helpful.my-mind.online\/wp-content\/uploads\/2016\/11\/dalim_es_07-100x100.png\" class=\"attachment-thumbnail size-thumbnail\" alt=\"\" srcset=\"https:\/\/helpful.my-mind.online\/wp-content\/uploads\/2016\/11\/dalim_es_07-100x100.png 100w, https:\/\/helpful.my-mind.online\/wp-content\/uploads\/2016\/11\/dalim_es_07-150x150.png 150w\" sizes=\"auto, (max-width: 100px) 100vw, 100px\" \/><\/a>\n\t\t\t<\/div><\/figure><figure class='gallery-item'>\n\t\t\t<div class='gallery-icon landscape'>\n\t\t\t\t<a href='https:\/\/helpful.my-mind.online\/wp-content\/uploads\/2016\/11\/dalim_es_05.png' rel=\"lightbox[gallery-0]\"><img loading=\"lazy\" decoding=\"async\" width=\"100\" height=\"100\" src=\"https:\/\/helpful.my-mind.online\/wp-content\/uploads\/2016\/11\/dalim_es_05-100x100.png\" class=\"attachment-thumbnail size-thumbnail\" alt=\"\" srcset=\"https:\/\/helpful.my-mind.online\/wp-content\/uploads\/2016\/11\/dalim_es_05-100x100.png 100w, https:\/\/helpful.my-mind.online\/wp-content\/uploads\/2016\/11\/dalim_es_05-150x150.png 150w\" sizes=\"auto, (max-width: 100px) 100vw, 100px\" \/><\/a>\n\t\t\t<\/div><\/figure><figure class='gallery-item'>\n\t\t\t<div class='gallery-icon landscape'>\n\t\t\t\t<a href='https:\/\/helpful.my-mind.online\/wp-content\/uploads\/2016\/11\/dalim_es_03.png' rel=\"lightbox[gallery-0]\"><img loading=\"lazy\" decoding=\"async\" width=\"100\" height=\"100\" src=\"https:\/\/helpful.my-mind.online\/wp-content\/uploads\/2016\/11\/dalim_es_03-100x100.png\" class=\"attachment-thumbnail size-thumbnail\" alt=\"\" srcset=\"https:\/\/helpful.my-mind.online\/wp-content\/uploads\/2016\/11\/dalim_es_03-100x100.png 100w, https:\/\/helpful.my-mind.online\/wp-content\/uploads\/2016\/11\/dalim_es_03-150x150.png 150w\" sizes=\"auto, (max-width: 100px) 100vw, 100px\" \/><\/a>\n\t\t\t<\/div><\/figure><figure class='gallery-item'>\n\t\t\t<div class='gallery-icon landscape'>\n\t\t\t\t<a href='https:\/\/helpful.my-mind.online\/wp-content\/uploads\/2016\/11\/dalim_es_06.png' rel=\"lightbox[gallery-0]\"><img loading=\"lazy\" decoding=\"async\" width=\"100\" height=\"100\" src=\"https:\/\/helpful.my-mind.online\/wp-content\/uploads\/2016\/11\/dalim_es_06-100x100.png\" class=\"attachment-thumbnail size-thumbnail\" alt=\"\" srcset=\"https:\/\/helpful.my-mind.online\/wp-content\/uploads\/2016\/11\/dalim_es_06-100x100.png 100w, https:\/\/helpful.my-mind.online\/wp-content\/uploads\/2016\/11\/dalim_es_06-150x150.png 150w\" sizes=\"auto, (max-width: 100px) 100vw, 100px\" \/><\/a>\n\t\t\t<\/div><\/figure><figure class='gallery-item'>\n\t\t\t<div class='gallery-icon landscape'>\n\t\t\t\t<a href='https:\/\/helpful.my-mind.online\/wp-content\/uploads\/2016\/11\/dalim_es_02.png' rel=\"lightbox[gallery-0]\"><img loading=\"lazy\" decoding=\"async\" width=\"100\" height=\"100\" src=\"https:\/\/helpful.my-mind.online\/wp-content\/uploads\/2016\/11\/dalim_es_02-100x100.png\" class=\"attachment-thumbnail size-thumbnail\" alt=\"\" srcset=\"https:\/\/helpful.my-mind.online\/wp-content\/uploads\/2016\/11\/dalim_es_02-100x100.png 100w, https:\/\/helpful.my-mind.online\/wp-content\/uploads\/2016\/11\/dalim_es_02-150x150.png 150w\" sizes=\"auto, (max-width: 100px) 100vw, 100px\" \/><\/a>\n\t\t\t<\/div><\/figure><figure class='gallery-item'>\n\t\t\t<div class='gallery-icon landscape'>\n\t\t\t\t<a href='https:\/\/helpful.my-mind.online\/wp-content\/uploads\/2016\/11\/dalim_es_04.png' rel=\"lightbox[gallery-0]\"><img loading=\"lazy\" decoding=\"async\" width=\"100\" height=\"100\" src=\"https:\/\/helpful.my-mind.online\/wp-content\/uploads\/2016\/11\/dalim_es_04-100x100.png\" class=\"attachment-thumbnail size-thumbnail\" alt=\"\" srcset=\"https:\/\/helpful.my-mind.online\/wp-content\/uploads\/2016\/11\/dalim_es_04-100x100.png 100w, https:\/\/helpful.my-mind.online\/wp-content\/uploads\/2016\/11\/dalim_es_04-150x150.png 150w\" sizes=\"auto, (max-width: 100px) 100vw, 100px\" \/><\/a>\n\t\t\t<\/div><\/figure>\n\t\t<\/div>\n\n<\/div>\n<\/div>\n<\/div>\n","protected":false},"excerpt":{"rendered":"<p><a href=\"https:\/\/www.dalim.com\">https:\/\/www.dalim.com<\/a><\/p>\n","protected":false},"featured_media":1698,"comment_status":"open","ping_status":"closed","template":"","meta":[],"class_list":{"0":"post-38","1":"product","2":"type-product","3":"status-publish","4":"has-post-thumbnail","6":"product_cat-all","7":"product_cat-soft-serveur","9":"first","10":"instock","11":"shipping-taxable","12":"product-type-simple"},"_links":{"self":[{"href":"https:\/\/helpful.my-mind.online\/index.php?rest_route=\/wp\/v2\/product\/38","targetHints":{"allow":["GET"]}}],"collection":[{"href":"https:\/\/helpful.my-mind.online\/index.php?rest_route=\/wp\/v2\/product"}],"about":[{"href":"https:\/\/helpful.my-mind.online\/index.php?rest_route=\/wp\/v2\/types\/product"}],"replies":[{"embeddable":true,"href":"https:\/\/helpful.my-mind.online\/index.php?rest_route=%2Fwp%2Fv2%2Fcomments&post=38"}],"wp:featuredmedia":[{"embeddable":true,"href":"https:\/\/helpful.my-mind.online\/index.php?rest_route=\/wp\/v2\/media\/1698"}],"wp:attachment":[{"href":"https:\/\/helpful.my-mind.online\/index.php?rest_route=%2Fwp%2Fv2%2Fmedia&parent=38"}],"curies":[{"name":"wp","href":"https:\/\/api.w.org\/{rel}","templated":true}]}}