{"id":36,"date":"2016-11-28T23:18:37","date_gmt":"2016-11-28T23:18:37","guid":{"rendered":"http:\/\/probin.info\/technos\/?post_type=product&#038;p=36"},"modified":"2017-02-24T14:33:38","modified_gmt":"2017-02-24T14:33:38","slug":"dalim-twist","status":"publish","type":"product","link":"https:\/\/helpful.my-mind.online\/?product=dalim-twist","title":{"rendered":"Dalim twist"},"content":{"rendered":"<div class=\"gdlr-title-item\">\n<div class=\"gdlr-item-title-wrapper gdlr-item pos-center \">\n<div class=\"clear\">\n<h3 class=\"gdlr-item-title gdlr-skin-title gdlr-skin-border gdlr-title-large\"><img loading=\"lazy\" decoding=\"async\" class=\"alignnone wp-image-1619\" src=\"http:\/\/probin.info\/technos\/wp-content\/uploads\/2017\/02\/dalim_twist_06.png\" alt=\"\" width=\"402\" height=\"240\" srcset=\"https:\/\/helpful.my-mind.online\/wp-content\/uploads\/2017\/02\/dalim_twist_06.png 558w, https:\/\/helpful.my-mind.online\/wp-content\/uploads\/2017\/02\/dalim_twist_06-150x90.png 150w, https:\/\/helpful.my-mind.online\/wp-content\/uploads\/2017\/02\/dalim_twist_06-100x60.png 100w\" sizes=\"auto, (max-width: 402px) 100vw, 402px\" \/><\/h3>\n<h3 class=\"gdlr-item-title gdlr-skin-title gdlr-skin-border gdlr-title-large\">&#8220;&#8230;TWIST is the most flexible and future-proof digital production workflow available&#8230;&#8221;<\/h3>\n<div class=\"gdlr-frame frame-type-none\">\n<div class=\"gdlr-image-link-shortcode\">\n<div class=\"gdlr-item gdlr-content-item\">\n<div class=\"page\" title=\"Page 12\">\n<div class=\"section\">\n<div class=\"layoutArea\">\n<div class=\"column\">\n<p>In today\u2019s fast-paced world of content delivery, where clients expect faster file turnarounds \u2013 along with more competitive pricing \u2013 businesses require efficiency, productivity and security from their solutions.<\/p>\n<hr \/>\n<\/div>\n<\/div>\n<\/div>\n<\/div>\n<\/div>\n<\/div>\n<\/div>\n<\/div>\n<\/div>\n<\/div>\n<div class=\"gdlr-title-item\">\n<div class=\"gdlr-item-title-wrapper gdlr-item pos-center \">\n<div class=\"gdlr-item-title-head\">\n<h3 class=\"gdlr-item-title gdlr-skin-title gdlr-skin-border gdlr-title-large\">&#8220;&#8230;TWIST est le plus avant-gardiste et adaptable des flux de production num\u00e9rique&#8230;&#8221;<\/h3>\n<\/div>\n<\/div>\n<\/div>\n<div class=\"six columns\">\n<div class=\"gdlr-item gdlr-content-item\">\n<div class=\"page\" title=\"Page 12\">\n<div class=\"section\">\n<div class=\"layoutArea\">Dans un monde o\u00f9 les informations circulent toujours plus vite, les clients attendent d\u2019\u00eatre livr\u00e9s toujours plus rapidement pour un prix toujours plus comp\u00e9titif. Il faut donc en permanence \u00eatre plus efficace, productif et fiable.<\/div>\n<\/div>\n<\/div>\n<\/div>\n<\/div>\n<hr \/>\n<p><iframe loading=\"lazy\" src=\"\/\/www.youtube.com\/embed\/7HjQZwtSgRE\" width=\"560\" height=\"314\" allowfullscreen=\"allowfullscreen\"><\/iframe><\/p>\n<hr \/>\n<div id='gallery-1' class='gallery galleryid-36 gallery-columns-3 gallery-size-thumbnail'><figure class='gallery-item'>\n\t\t\t<div class='gallery-icon landscape'>\n\t\t\t\t<a href='https:\/\/helpful.my-mind.online\/wp-content\/uploads\/2017\/02\/dalim_twist_08.png' rel=\"lightbox[gallery-0]\"><img loading=\"lazy\" decoding=\"async\" width=\"100\" height=\"100\" src=\"https:\/\/helpful.my-mind.online\/wp-content\/uploads\/2017\/02\/dalim_twist_08-100x100.png\" class=\"attachment-thumbnail size-thumbnail\" alt=\"\" srcset=\"https:\/\/helpful.my-mind.online\/wp-content\/uploads\/2017\/02\/dalim_twist_08-100x100.png 100w, https:\/\/helpful.my-mind.online\/wp-content\/uploads\/2017\/02\/dalim_twist_08-150x150.png 150w\" sizes=\"auto, (max-width: 100px) 100vw, 100px\" \/><\/a>\n\t\t\t<\/div><\/figure><figure class='gallery-item'>\n\t\t\t<div class='gallery-icon landscape'>\n\t\t\t\t<a href='https:\/\/helpful.my-mind.online\/wp-content\/uploads\/2017\/02\/dalim_twist_03.png' rel=\"lightbox[gallery-0]\"><img loading=\"lazy\" decoding=\"async\" width=\"100\" height=\"100\" src=\"https:\/\/helpful.my-mind.online\/wp-content\/uploads\/2017\/02\/dalim_twist_03-100x100.png\" class=\"attachment-thumbnail size-thumbnail\" alt=\"\" srcset=\"https:\/\/helpful.my-mind.online\/wp-content\/uploads\/2017\/02\/dalim_twist_03-100x100.png 100w, https:\/\/helpful.my-mind.online\/wp-content\/uploads\/2017\/02\/dalim_twist_03-150x150.png 150w\" sizes=\"auto, (max-width: 100px) 100vw, 100px\" \/><\/a>\n\t\t\t<\/div><\/figure><figure class='gallery-item'>\n\t\t\t<div class='gallery-icon landscape'>\n\t\t\t\t<a href='https:\/\/helpful.my-mind.online\/wp-content\/uploads\/2017\/02\/dalim_twist_05.png' rel=\"lightbox[gallery-0]\"><img loading=\"lazy\" decoding=\"async\" width=\"100\" height=\"100\" src=\"https:\/\/helpful.my-mind.online\/wp-content\/uploads\/2017\/02\/dalim_twist_05-100x100.png\" class=\"attachment-thumbnail size-thumbnail\" alt=\"\" srcset=\"https:\/\/helpful.my-mind.online\/wp-content\/uploads\/2017\/02\/dalim_twist_05-100x100.png 100w, https:\/\/helpful.my-mind.online\/wp-content\/uploads\/2017\/02\/dalim_twist_05-150x150.png 150w\" sizes=\"auto, (max-width: 100px) 100vw, 100px\" \/><\/a>\n\t\t\t<\/div><\/figure><figure class='gallery-item'>\n\t\t\t<div class='gallery-icon landscape'>\n\t\t\t\t<a href='https:\/\/helpful.my-mind.online\/wp-content\/uploads\/2017\/02\/dalim_twist_04.png' rel=\"lightbox[gallery-0]\"><img loading=\"lazy\" decoding=\"async\" width=\"100\" height=\"100\" src=\"https:\/\/helpful.my-mind.online\/wp-content\/uploads\/2017\/02\/dalim_twist_04-100x100.png\" class=\"attachment-thumbnail size-thumbnail\" alt=\"\" srcset=\"https:\/\/helpful.my-mind.online\/wp-content\/uploads\/2017\/02\/dalim_twist_04-100x100.png 100w, https:\/\/helpful.my-mind.online\/wp-content\/uploads\/2017\/02\/dalim_twist_04-150x150.png 150w\" sizes=\"auto, (max-width: 100px) 100vw, 100px\" \/><\/a>\n\t\t\t<\/div><\/figure><figure class='gallery-item'>\n\t\t\t<div class='gallery-icon landscape'>\n\t\t\t\t<a href='https:\/\/helpful.my-mind.online\/wp-content\/uploads\/2017\/02\/dalim_twist_02.png' rel=\"lightbox[gallery-0]\"><img loading=\"lazy\" decoding=\"async\" width=\"100\" height=\"100\" src=\"https:\/\/helpful.my-mind.online\/wp-content\/uploads\/2017\/02\/dalim_twist_02-100x100.png\" class=\"attachment-thumbnail size-thumbnail\" alt=\"\" srcset=\"https:\/\/helpful.my-mind.online\/wp-content\/uploads\/2017\/02\/dalim_twist_02-100x100.png 100w, https:\/\/helpful.my-mind.online\/wp-content\/uploads\/2017\/02\/dalim_twist_02-150x150.png 150w\" sizes=\"auto, (max-width: 100px) 100vw, 100px\" \/><\/a>\n\t\t\t<\/div><\/figure><figure class='gallery-item'>\n\t\t\t<div class='gallery-icon landscape'>\n\t\t\t\t<a href='https:\/\/helpful.my-mind.online\/wp-content\/uploads\/2017\/02\/dalim_twist_07.png' rel=\"lightbox[gallery-0]\"><img loading=\"lazy\" decoding=\"async\" width=\"100\" height=\"100\" src=\"https:\/\/helpful.my-mind.online\/wp-content\/uploads\/2017\/02\/dalim_twist_07-100x100.png\" class=\"attachment-thumbnail size-thumbnail\" alt=\"\" srcset=\"https:\/\/helpful.my-mind.online\/wp-content\/uploads\/2017\/02\/dalim_twist_07-100x100.png 100w, https:\/\/helpful.my-mind.online\/wp-content\/uploads\/2017\/02\/dalim_twist_07-150x150.png 150w\" sizes=\"auto, (max-width: 100px) 100vw, 100px\" \/><\/a>\n\t\t\t<\/div><\/figure><figure class='gallery-item'>\n\t\t\t<div class='gallery-icon landscape'>\n\t\t\t\t<a href='https:\/\/helpful.my-mind.online\/wp-content\/uploads\/2017\/02\/dalim_twist_01.png' rel=\"lightbox[gallery-0]\"><img loading=\"lazy\" decoding=\"async\" width=\"100\" height=\"100\" src=\"https:\/\/helpful.my-mind.online\/wp-content\/uploads\/2017\/02\/dalim_twist_01-100x100.png\" class=\"attachment-thumbnail size-thumbnail\" alt=\"\" srcset=\"https:\/\/helpful.my-mind.online\/wp-content\/uploads\/2017\/02\/dalim_twist_01-100x100.png 100w, https:\/\/helpful.my-mind.online\/wp-content\/uploads\/2017\/02\/dalim_twist_01-150x150.png 150w\" sizes=\"auto, (max-width: 100px) 100vw, 100px\" \/><\/a>\n\t\t\t<\/div><\/figure>\n\t\t<\/div>\n\n","protected":false},"excerpt":{"rendered":"<p><a href=\"https:\/\/www.dalim.com\">https:\/\/www.dalim.com<\/a><\/p>\n","protected":false},"featured_media":1697,"comment_status":"open","ping_status":"closed","template":"","meta":[],"class_list":{"0":"post-36","1":"product","2":"type-product","3":"status-publish","4":"has-post-thumbnail","6":"product_cat-all","7":"product_cat-soft-serveur","9":"first","10":"instock","11":"shipping-taxable","12":"product-type-simple"},"_links":{"self":[{"href":"https:\/\/helpful.my-mind.online\/index.php?rest_route=\/wp\/v2\/product\/36","targetHints":{"allow":["GET"]}}],"collection":[{"href":"https:\/\/helpful.my-mind.online\/index.php?rest_route=\/wp\/v2\/product"}],"about":[{"href":"https:\/\/helpful.my-mind.online\/index.php?rest_route=\/wp\/v2\/types\/product"}],"replies":[{"embeddable":true,"href":"https:\/\/helpful.my-mind.online\/index.php?rest_route=%2Fwp%2Fv2%2Fcomments&post=36"}],"wp:featuredmedia":[{"embeddable":true,"href":"https:\/\/helpful.my-mind.online\/index.php?rest_route=\/wp\/v2\/media\/1697"}],"wp:attachment":[{"href":"https:\/\/helpful.my-mind.online\/index.php?rest_route=%2Fwp%2Fv2%2Fmedia&parent=36"}],"curies":[{"name":"wp","href":"https:\/\/api.w.org\/{rel}","templated":true}]}}