{"id":2044,"date":"2018-09-06T09:22:53","date_gmt":"2018-09-06T09:22:53","guid":{"rendered":"http:\/\/probin.info\/technos\/?post_type=product&#038;p=2044"},"modified":"2018-09-06T09:34:26","modified_gmt":"2018-09-06T09:34:26","slug":"note","status":"publish","type":"product","link":"https:\/\/helpful.my-mind.online\/?product=note","title":{"rendered":"Note+"},"content":{"rendered":"<h3><img loading=\"lazy\" decoding=\"async\" class=\"alignnone wp-image-2050\" src=\"http:\/\/probin.info\/technos\/wp-content\/uploads\/2018\/09\/note-plus-5.png\" alt=\"\" width=\"369\" height=\"151\" srcset=\"https:\/\/helpful.my-mind.online\/wp-content\/uploads\/2018\/09\/note-plus-5.png 516w, https:\/\/helpful.my-mind.online\/wp-content\/uploads\/2018\/09\/note-plus-5-150x61.png 150w, https:\/\/helpful.my-mind.online\/wp-content\/uploads\/2018\/09\/note-plus-5-100x41.png 100w\" sizes=\"auto, (max-width: 369px) 100vw, 369px\" \/><\/h3>\n<h3><b>Comment ma\u00eetriser les cycles de validation de vos documents ?<\/b><\/h3>\n<h4>Annotez et collaborez pour une efficacit\u00e9 renforc\u00e9e<\/h4>\n<p>Gr\u00e2ce \u00e0 Note+ vous pouvez visualiser le chemin de fer d\u2019un document, puis commenter ou annoter directement sur une page. Note+ propose de mettre en place un flux de validation avanc\u00e9 pour les besoins les plus exigeants. Vous pourrez aussi retracer les historiques et versions de documents, demander ou valider une correction, joindre un fichier \u00e0 une page\u2026<\/p>\n<hr \/>\n<p>Graphique-Alliance link : <a href=\"https:\/\/www.graphique-alliance.com\/noteplus\/\">Note+<\/a><\/p>\n<p>Youtube link : <a href=\"https:\/\/www.youtube.com\/watch?v=fFtC1wl23lA\">Note+ 2018<\/a><\/p>\n<p>New features : <a href=\"https:\/\/www.graphique-alliance.com\/nouvelles-fonctionnalites-note\/\">Nouvelles-fonctionnalites-note<\/a><\/p>\n<hr \/>\n<p>&nbsp;<\/p>\n<div id='gallery-1' class='gallery galleryid-2044 gallery-columns-3 gallery-size-thumbnail'><figure class='gallery-item'>\n\t\t\t<div class='gallery-icon landscape'>\n\t\t\t\t<a href='https:\/\/helpful.my-mind.online\/wp-content\/uploads\/2018\/09\/note-plus-3.png' rel=\"lightbox[gallery-0]\"><img loading=\"lazy\" decoding=\"async\" width=\"100\" height=\"100\" src=\"https:\/\/helpful.my-mind.online\/wp-content\/uploads\/2018\/09\/note-plus-3-100x100.png\" class=\"attachment-thumbnail size-thumbnail\" alt=\"\" srcset=\"https:\/\/helpful.my-mind.online\/wp-content\/uploads\/2018\/09\/note-plus-3-100x100.png 100w, https:\/\/helpful.my-mind.online\/wp-content\/uploads\/2018\/09\/note-plus-3-150x150.png 150w\" sizes=\"auto, (max-width: 100px) 100vw, 100px\" \/><\/a>\n\t\t\t<\/div><\/figure><figure class='gallery-item'>\n\t\t\t<div class='gallery-icon landscape'>\n\t\t\t\t<a href='https:\/\/helpful.my-mind.online\/wp-content\/uploads\/2018\/09\/note-plus-4.png' rel=\"lightbox[gallery-0]\"><img loading=\"lazy\" decoding=\"async\" width=\"100\" height=\"100\" src=\"https:\/\/helpful.my-mind.online\/wp-content\/uploads\/2018\/09\/note-plus-4-100x100.png\" class=\"attachment-thumbnail size-thumbnail\" alt=\"\" srcset=\"https:\/\/helpful.my-mind.online\/wp-content\/uploads\/2018\/09\/note-plus-4-100x100.png 100w, https:\/\/helpful.my-mind.online\/wp-content\/uploads\/2018\/09\/note-plus-4-150x150.png 150w\" sizes=\"auto, (max-width: 100px) 100vw, 100px\" \/><\/a>\n\t\t\t<\/div><\/figure><figure class='gallery-item'>\n\t\t\t<div class='gallery-icon landscape'>\n\t\t\t\t<a href='https:\/\/helpful.my-mind.online\/wp-content\/uploads\/2018\/09\/note-plus-1.png' rel=\"lightbox[gallery-0]\"><img loading=\"lazy\" decoding=\"async\" width=\"100\" height=\"100\" src=\"https:\/\/helpful.my-mind.online\/wp-content\/uploads\/2018\/09\/note-plus-1-100x100.png\" class=\"attachment-thumbnail size-thumbnail\" alt=\"\" srcset=\"https:\/\/helpful.my-mind.online\/wp-content\/uploads\/2018\/09\/note-plus-1-100x100.png 100w, https:\/\/helpful.my-mind.online\/wp-content\/uploads\/2018\/09\/note-plus-1-150x150.png 150w\" sizes=\"auto, (max-width: 100px) 100vw, 100px\" \/><\/a>\n\t\t\t<\/div><\/figure><figure class='gallery-item'>\n\t\t\t<div class='gallery-icon landscape'>\n\t\t\t\t<a href='https:\/\/helpful.my-mind.online\/wp-content\/uploads\/2018\/09\/note-plus-2.png' rel=\"lightbox[gallery-0]\"><img loading=\"lazy\" decoding=\"async\" width=\"100\" height=\"100\" src=\"https:\/\/helpful.my-mind.online\/wp-content\/uploads\/2018\/09\/note-plus-2-100x100.png\" class=\"attachment-thumbnail size-thumbnail\" alt=\"\" srcset=\"https:\/\/helpful.my-mind.online\/wp-content\/uploads\/2018\/09\/note-plus-2-100x100.png 100w, https:\/\/helpful.my-mind.online\/wp-content\/uploads\/2018\/09\/note-plus-2-150x150.png 150w\" sizes=\"auto, (max-width: 100px) 100vw, 100px\" \/><\/a>\n\t\t\t<\/div><\/figure>\n\t\t<\/div>\n\n","protected":false},"excerpt":{"rendered":"<p>Comment ma\u00eetriser les cycles de validation de vos documents ? Annotez et collaborez pour une efficacit\u00e9 renforc\u00e9e Gr\u00e2ce \u00e0 Note+ vous pouvez visualiser le chemin de fer d\u2019un document, puis &#8230;<\/p>\n","protected":false},"featured_media":2052,"comment_status":"closed","ping_status":"closed","template":"","meta":[],"class_list":{"0":"post-2044","1":"product","2":"type-product","3":"status-publish","4":"has-post-thumbnail","6":"product_cat-all","7":"product_cat-soft-serveur","9":"first","10":"instock","11":"shipping-taxable","12":"product-type-simple"},"_links":{"self":[{"href":"https:\/\/helpful.my-mind.online\/index.php?rest_route=\/wp\/v2\/product\/2044","targetHints":{"allow":["GET"]}}],"collection":[{"href":"https:\/\/helpful.my-mind.online\/index.php?rest_route=\/wp\/v2\/product"}],"about":[{"href":"https:\/\/helpful.my-mind.online\/index.php?rest_route=\/wp\/v2\/types\/product"}],"replies":[{"embeddable":true,"href":"https:\/\/helpful.my-mind.online\/index.php?rest_route=%2Fwp%2Fv2%2Fcomments&post=2044"}],"wp:featuredmedia":[{"embeddable":true,"href":"https:\/\/helpful.my-mind.online\/index.php?rest_route=\/wp\/v2\/media\/2052"}],"wp:attachment":[{"href":"https:\/\/helpful.my-mind.online\/index.php?rest_route=%2Fwp%2Fv2%2Fmedia&parent=2044"}],"curies":[{"name":"wp","href":"https:\/\/api.w.org\/{rel}","templated":true}]}}