{"id":1966,"date":"2017-11-29T18:59:13","date_gmt":"2017-11-29T18:59:13","guid":{"rendered":"http:\/\/probin.info\/technos\/?post_type=product&#038;p=1966"},"modified":"2020-06-24T14:28:22","modified_gmt":"2020-06-24T14:28:22","slug":"aproove","status":"publish","type":"product","link":"https:\/\/helpful.my-mind.online\/?product=aproove","title":{"rendered":"Aproove"},"content":{"rendered":"<p><img loading=\"lazy\" decoding=\"async\" class=\"alignnone wp-image-1967\" src=\"http:\/\/probin.info\/technos\/wp-content\/uploads\/2017\/11\/aproove-twitt.jpg\" alt=\"\" width=\"376\" height=\"154\" srcset=\"https:\/\/helpful.my-mind.online\/wp-content\/uploads\/2017\/11\/aproove-twitt.jpg 400w, https:\/\/helpful.my-mind.online\/wp-content\/uploads\/2017\/11\/aproove-twitt-150x62.jpg 150w, https:\/\/helpful.my-mind.online\/wp-content\/uploads\/2017\/11\/aproove-twitt-100x41.jpg 100w\" sizes=\"auto, (max-width: 376px) 100vw, 376px\" \/><\/p>\n<div class=\"gdlr-title-item\">\n<div class=\"gdlr-item-title-wrapper gdlr-item pos-center \">\n<div class=\"clear\">\n<div class=\"gdlr-title-item\">\n<div class=\"gdlr-item-title-wrapper gdlr-item pos-center \">\n<div class=\"gdlr-item-title-head\">\n<h3 class=\"gdlr-item-title gdlr-skin-title gdlr-skin-border gdlr-title-large\">UNE MEILLEUR MANI\u00c8RE DE TRAVAILLER POUR LES EQUIPES CREATIVES &#8211; BAT en Ligne 24\/7<\/h3>\n<\/div>\n<\/div>\n<\/div>\n<div class=\"six columns\">\n<div class=\"gdlr-item gdlr-content-item\">\n<div class=\"page\" title=\"Page 2\">\n<div class=\"section\">\n<div class=\"layoutArea\">\n<div class=\"column\">\n<p>Aproove vous permet de collaborer de mani\u00e8re cr\u00e9ative et vous permet de g\u00e9rer vos BAT, relectures, &#8230; en ligne, plus rapidement et efficacement que d&#8217;une mani\u00e8re manuelle, conventionnelle.<\/p>\n<p>Booster votre productivit\u00e9, votre collaboration et votre cr\u00e9ativit\u00e9 en h\u00e9bergeant tous vos contenus num\u00e9riques, vos fichiers et vos outils dans un seul endroit d\u00e9di\u00e9 \u00e0 cette utilisation pour acc\u00e9l\u00e9rer votre gestion op\u00e9rationnelle de vos projets cr\u00e9atifs.<\/p>\n<p>Aproove est le tout-en-un pour tous vos besoins cr\u00e9atifs op\u00e9rationnels. Oubliez les \u00e9changes d&#8217;emails interminables, les Drive Cloud non-s\u00e9curis\u00e9s, les serveurs FTP. Dites &#8220;Bonjour&#8221; \u00e0 une solution simple et puissante de workflow.<\/p>\n<\/div>\n<\/div>\n<\/div>\n<\/div>\n<\/div>\n<\/div>\n<\/div>\n<div class=\"clear\">\n<hr \/>\n<div id='gallery-1' class='gallery galleryid-1966 gallery-columns-3 gallery-size-thumbnail'><figure class='gallery-item'>\n\t\t\t<div class='gallery-icon portrait'>\n\t\t\t\t<a href='https:\/\/helpful.my-mind.online\/wp-content\/uploads\/2017\/11\/aproove-last-6.png' rel=\"lightbox[gallery-0]\"><img loading=\"lazy\" decoding=\"async\" width=\"100\" height=\"100\" src=\"https:\/\/helpful.my-mind.online\/wp-content\/uploads\/2017\/11\/aproove-last-6-100x100.png\" class=\"attachment-thumbnail size-thumbnail\" alt=\"\" srcset=\"https:\/\/helpful.my-mind.online\/wp-content\/uploads\/2017\/11\/aproove-last-6-100x100.png 100w, https:\/\/helpful.my-mind.online\/wp-content\/uploads\/2017\/11\/aproove-last-6-150x150.png 150w, https:\/\/helpful.my-mind.online\/wp-content\/uploads\/2017\/11\/aproove-last-6.png 582w\" sizes=\"auto, (max-width: 100px) 100vw, 100px\" \/><\/a>\n\t\t\t<\/div><\/figure><figure class='gallery-item'>\n\t\t\t<div class='gallery-icon landscape'>\n\t\t\t\t<a href='https:\/\/helpful.my-mind.online\/wp-content\/uploads\/2017\/11\/aproove-last-5.png' rel=\"lightbox[gallery-0]\"><img loading=\"lazy\" decoding=\"async\" width=\"100\" height=\"100\" src=\"https:\/\/helpful.my-mind.online\/wp-content\/uploads\/2017\/11\/aproove-last-5-100x100.png\" class=\"attachment-thumbnail size-thumbnail\" alt=\"\" srcset=\"https:\/\/helpful.my-mind.online\/wp-content\/uploads\/2017\/11\/aproove-last-5-100x100.png 100w, https:\/\/helpful.my-mind.online\/wp-content\/uploads\/2017\/11\/aproove-last-5-150x150.png 150w\" sizes=\"auto, (max-width: 100px) 100vw, 100px\" \/><\/a>\n\t\t\t<\/div><\/figure><figure class='gallery-item'>\n\t\t\t<div class='gallery-icon landscape'>\n\t\t\t\t<a href='https:\/\/helpful.my-mind.online\/wp-content\/uploads\/2017\/11\/aproove-last-1.png' rel=\"lightbox[gallery-0]\"><img loading=\"lazy\" decoding=\"async\" width=\"100\" height=\"100\" src=\"https:\/\/helpful.my-mind.online\/wp-content\/uploads\/2017\/11\/aproove-last-1-100x100.png\" class=\"attachment-thumbnail size-thumbnail\" alt=\"\" srcset=\"https:\/\/helpful.my-mind.online\/wp-content\/uploads\/2017\/11\/aproove-last-1-100x100.png 100w, https:\/\/helpful.my-mind.online\/wp-content\/uploads\/2017\/11\/aproove-last-1-150x150.png 150w\" sizes=\"auto, (max-width: 100px) 100vw, 100px\" \/><\/a>\n\t\t\t<\/div><\/figure><figure class='gallery-item'>\n\t\t\t<div class='gallery-icon landscape'>\n\t\t\t\t<a href='https:\/\/helpful.my-mind.online\/wp-content\/uploads\/2017\/11\/aproove-last-2.png' rel=\"lightbox[gallery-0]\"><img loading=\"lazy\" decoding=\"async\" width=\"100\" height=\"100\" src=\"https:\/\/helpful.my-mind.online\/wp-content\/uploads\/2017\/11\/aproove-last-2-100x100.png\" class=\"attachment-thumbnail size-thumbnail\" alt=\"\" srcset=\"https:\/\/helpful.my-mind.online\/wp-content\/uploads\/2017\/11\/aproove-last-2-100x100.png 100w, https:\/\/helpful.my-mind.online\/wp-content\/uploads\/2017\/11\/aproove-last-2-150x150.png 150w\" sizes=\"auto, (max-width: 100px) 100vw, 100px\" \/><\/a>\n\t\t\t<\/div><\/figure><figure class='gallery-item'>\n\t\t\t<div class='gallery-icon landscape'>\n\t\t\t\t<a href='https:\/\/helpful.my-mind.online\/wp-content\/uploads\/2017\/11\/aproove-last-3.png' rel=\"lightbox[gallery-0]\"><img loading=\"lazy\" decoding=\"async\" width=\"100\" height=\"100\" src=\"https:\/\/helpful.my-mind.online\/wp-content\/uploads\/2017\/11\/aproove-last-3-100x100.png\" class=\"attachment-thumbnail size-thumbnail\" alt=\"\" srcset=\"https:\/\/helpful.my-mind.online\/wp-content\/uploads\/2017\/11\/aproove-last-3-100x100.png 100w, https:\/\/helpful.my-mind.online\/wp-content\/uploads\/2017\/11\/aproove-last-3-150x150.png 150w\" sizes=\"auto, (max-width: 100px) 100vw, 100px\" \/><\/a>\n\t\t\t<\/div><\/figure><figure class='gallery-item'>\n\t\t\t<div class='gallery-icon landscape'>\n\t\t\t\t<a href='https:\/\/helpful.my-mind.online\/wp-content\/uploads\/2017\/11\/aproove-last-4.png' rel=\"lightbox[gallery-0]\"><img loading=\"lazy\" decoding=\"async\" width=\"100\" height=\"100\" src=\"https:\/\/helpful.my-mind.online\/wp-content\/uploads\/2017\/11\/aproove-last-4-100x100.png\" class=\"attachment-thumbnail size-thumbnail\" alt=\"\" srcset=\"https:\/\/helpful.my-mind.online\/wp-content\/uploads\/2017\/11\/aproove-last-4-100x100.png 100w, https:\/\/helpful.my-mind.online\/wp-content\/uploads\/2017\/11\/aproove-last-4-150x150.png 150w\" sizes=\"auto, (max-width: 100px) 100vw, 100px\" \/><\/a>\n\t\t\t<\/div><\/figure><figure class='gallery-item'>\n\t\t\t<div class='gallery-icon landscape'>\n\t\t\t\t<a href='https:\/\/helpful.my-mind.online\/wp-content\/uploads\/2017\/11\/aproove-last-8.png' rel=\"lightbox[gallery-0]\"><img loading=\"lazy\" decoding=\"async\" width=\"100\" height=\"100\" src=\"https:\/\/helpful.my-mind.online\/wp-content\/uploads\/2017\/11\/aproove-last-8-100x100.png\" class=\"attachment-thumbnail size-thumbnail\" alt=\"\" srcset=\"https:\/\/helpful.my-mind.online\/wp-content\/uploads\/2017\/11\/aproove-last-8-100x100.png 100w, https:\/\/helpful.my-mind.online\/wp-content\/uploads\/2017\/11\/aproove-last-8-150x150.png 150w\" sizes=\"auto, (max-width: 100px) 100vw, 100px\" \/><\/a>\n\t\t\t<\/div><\/figure><figure class='gallery-item'>\n\t\t\t<div class='gallery-icon landscape'>\n\t\t\t\t<a href='https:\/\/helpful.my-mind.online\/wp-content\/uploads\/2017\/11\/aproove-last-7.png' rel=\"lightbox[gallery-0]\"><img loading=\"lazy\" decoding=\"async\" width=\"100\" height=\"100\" src=\"https:\/\/helpful.my-mind.online\/wp-content\/uploads\/2017\/11\/aproove-last-7-100x100.png\" class=\"attachment-thumbnail size-thumbnail\" alt=\"\" srcset=\"https:\/\/helpful.my-mind.online\/wp-content\/uploads\/2017\/11\/aproove-last-7-100x100.png 100w, https:\/\/helpful.my-mind.online\/wp-content\/uploads\/2017\/11\/aproove-last-7-150x150.png 150w\" sizes=\"auto, (max-width: 100px) 100vw, 100px\" \/><\/a>\n\t\t\t<\/div><\/figure>\n\t\t<\/div>\n\n<\/div>\n<\/div>\n<\/div>\n","protected":false},"excerpt":{"rendered":"<p><a href=\"https:\/\/www.aproove.com\" target=\"_blank\" rel=\"noopener noreferrer\">https:\/\/www.aproove.com<\/a><\/p>\n","protected":false},"featured_media":1968,"comment_status":"closed","ping_status":"closed","template":"","meta":[],"class_list":{"0":"post-1966","1":"product","2":"type-product","3":"status-publish","4":"has-post-thumbnail","6":"product_cat-all","7":"product_cat-soft-serveur","9":"first","10":"instock","11":"shipping-taxable","12":"product-type-simple"},"_links":{"self":[{"href":"https:\/\/helpful.my-mind.online\/index.php?rest_route=\/wp\/v2\/product\/1966","targetHints":{"allow":["GET"]}}],"collection":[{"href":"https:\/\/helpful.my-mind.online\/index.php?rest_route=\/wp\/v2\/product"}],"about":[{"href":"https:\/\/helpful.my-mind.online\/index.php?rest_route=\/wp\/v2\/types\/product"}],"replies":[{"embeddable":true,"href":"https:\/\/helpful.my-mind.online\/index.php?rest_route=%2Fwp%2Fv2%2Fcomments&post=1966"}],"wp:featuredmedia":[{"embeddable":true,"href":"https:\/\/helpful.my-mind.online\/index.php?rest_route=\/wp\/v2\/media\/1968"}],"wp:attachment":[{"href":"https:\/\/helpful.my-mind.online\/index.php?rest_route=%2Fwp%2Fv2%2Fmedia&parent=1966"}],"curies":[{"name":"wp","href":"https:\/\/api.w.org\/{rel}","templated":true}]}}