{"id":1884,"date":"2017-06-14T12:48:27","date_gmt":"2017-06-14T12:48:27","guid":{"rendered":"http:\/\/probin.info\/technos\/?post_type=product&#038;p=1884"},"modified":"2017-06-14T22:02:13","modified_gmt":"2017-06-14T22:02:13","slug":"pandasuite","status":"publish","type":"product","link":"https:\/\/helpful.my-mind.online\/?product=pandasuite","title":{"rendered":"Pandasuite"},"content":{"rendered":"<h2><img loading=\"lazy\" decoding=\"async\" class=\"alignnone wp-image-1886\" src=\"http:\/\/probin.info\/technos\/wp-content\/uploads\/2017\/06\/pandasuite-02.png\" alt=\"\" width=\"688\" height=\"300\" srcset=\"https:\/\/helpful.my-mind.online\/wp-content\/uploads\/2017\/06\/pandasuite-02.png 1042w, https:\/\/helpful.my-mind.online\/wp-content\/uploads\/2017\/06\/pandasuite-02-150x65.png 150w, https:\/\/helpful.my-mind.online\/wp-content\/uploads\/2017\/06\/pandasuite-02-100x44.png 100w, https:\/\/helpful.my-mind.online\/wp-content\/uploads\/2017\/06\/pandasuite-02-768x335.png 768w, https:\/\/helpful.my-mind.online\/wp-content\/uploads\/2017\/06\/pandasuite-02-1024x447.png 1024w\" sizes=\"auto, (max-width: 688px) 100vw, 688px\" \/><\/h2>\n<div class=\"fusion-column-content-centered\">\n<div class=\"fusion-sep-clear\">\n<blockquote>\n<h2 data-fontsize=\"62\" data-lineheight=\"62\"><strong>Des fonctionnalit\u00e9s simples et puissantes<\/strong><\/h2>\n<\/blockquote>\n<h2 data-fontsize=\"36\" data-lineheight=\"39\">Z\u00e9ro ligne de code<\/h2>\n<p>PandaSuite rend votre contenu interactif. Importez vos \u00e9l\u00e9ments, cr\u00e9ez vos \u00e9crans et donnez-leur vie \u00e0 l\u2019aide de d\u00e9clencheurs, transitions et animations. Ce que vous voyez\u00a0est ce que vous obtenez : pas besoin de savoir coder !<\/p>\n<p><iframe loading=\"lazy\" width=\"800\" height=\"450\" src=\"https:\/\/www.youtube.com\/embed\/L-sNmx1HsX8?feature=oembed\" frameborder=\"0\" allowfullscreen><\/iframe><\/p>\n<\/div>\n<div class=\"fusion-sep-clear\"><\/div>\n<\/div>\n<div id='gallery-1' class='gallery galleryid-1884 gallery-columns-3 gallery-size-thumbnail'><figure class='gallery-item'>\n\t\t\t<div class='gallery-icon landscape'>\n\t\t\t\t<a href='https:\/\/helpful.my-mind.online\/wp-content\/uploads\/2017\/06\/pandasuite-05.png' rel=\"lightbox[gallery-0]\"><img loading=\"lazy\" decoding=\"async\" width=\"100\" height=\"100\" src=\"https:\/\/helpful.my-mind.online\/wp-content\/uploads\/2017\/06\/pandasuite-05-100x100.png\" class=\"attachment-thumbnail size-thumbnail\" alt=\"\" srcset=\"https:\/\/helpful.my-mind.online\/wp-content\/uploads\/2017\/06\/pandasuite-05-100x100.png 100w, https:\/\/helpful.my-mind.online\/wp-content\/uploads\/2017\/06\/pandasuite-05-150x150.png 150w\" sizes=\"auto, (max-width: 100px) 100vw, 100px\" \/><\/a>\n\t\t\t<\/div><\/figure><figure class='gallery-item'>\n\t\t\t<div class='gallery-icon landscape'>\n\t\t\t\t<a href='https:\/\/helpful.my-mind.online\/wp-content\/uploads\/2017\/06\/pandasuite-04.png' rel=\"lightbox[gallery-0]\"><img loading=\"lazy\" decoding=\"async\" width=\"100\" height=\"100\" src=\"https:\/\/helpful.my-mind.online\/wp-content\/uploads\/2017\/06\/pandasuite-04-100x100.png\" class=\"attachment-thumbnail size-thumbnail\" alt=\"\" srcset=\"https:\/\/helpful.my-mind.online\/wp-content\/uploads\/2017\/06\/pandasuite-04-100x100.png 100w, https:\/\/helpful.my-mind.online\/wp-content\/uploads\/2017\/06\/pandasuite-04-150x150.png 150w\" sizes=\"auto, (max-width: 100px) 100vw, 100px\" \/><\/a>\n\t\t\t<\/div><\/figure><figure class='gallery-item'>\n\t\t\t<div class='gallery-icon landscape'>\n\t\t\t\t<a href='https:\/\/helpful.my-mind.online\/wp-content\/uploads\/2017\/06\/pandasuite-03.png' rel=\"lightbox[gallery-0]\"><img loading=\"lazy\" decoding=\"async\" width=\"100\" height=\"100\" src=\"https:\/\/helpful.my-mind.online\/wp-content\/uploads\/2017\/06\/pandasuite-03-100x100.png\" class=\"attachment-thumbnail size-thumbnail\" alt=\"\" srcset=\"https:\/\/helpful.my-mind.online\/wp-content\/uploads\/2017\/06\/pandasuite-03-100x100.png 100w, https:\/\/helpful.my-mind.online\/wp-content\/uploads\/2017\/06\/pandasuite-03-150x150.png 150w\" sizes=\"auto, (max-width: 100px) 100vw, 100px\" \/><\/a>\n\t\t\t<\/div><\/figure>\n\t\t<\/div>\n\n<p>&nbsp;<\/p>\n","protected":false},"excerpt":{"rendered":"<p><a href=\"https:\/\/pandasuite.com\/fr\/\" target=\"_blank\" rel=\"noopener noreferrer\">https:\/\/pandasuite.com\/fr\/<\/a><\/p>\n","protected":false},"featured_media":1885,"comment_status":"closed","ping_status":"closed","template":"","meta":[],"class_list":{"0":"post-1884","1":"product","2":"type-product","3":"status-publish","4":"has-post-thumbnail","6":"product_cat-all","7":"product_cat-soft-serveur","9":"first","10":"instock","11":"shipping-taxable","12":"product-type-simple"},"_links":{"self":[{"href":"https:\/\/helpful.my-mind.online\/index.php?rest_route=\/wp\/v2\/product\/1884","targetHints":{"allow":["GET"]}}],"collection":[{"href":"https:\/\/helpful.my-mind.online\/index.php?rest_route=\/wp\/v2\/product"}],"about":[{"href":"https:\/\/helpful.my-mind.online\/index.php?rest_route=\/wp\/v2\/types\/product"}],"replies":[{"embeddable":true,"href":"https:\/\/helpful.my-mind.online\/index.php?rest_route=%2Fwp%2Fv2%2Fcomments&post=1884"}],"wp:featuredmedia":[{"embeddable":true,"href":"https:\/\/helpful.my-mind.online\/index.php?rest_route=\/wp\/v2\/media\/1885"}],"wp:attachment":[{"href":"https:\/\/helpful.my-mind.online\/index.php?rest_route=%2Fwp%2Fv2%2Fmedia&parent=1884"}],"curies":[{"name":"wp","href":"https:\/\/api.w.org\/{rel}","templated":true}]}}