{"id":1853,"date":"2017-04-26T14:44:45","date_gmt":"2017-04-26T14:44:45","guid":{"rendered":"http:\/\/probin.info\/technos\/?post_type=product&#038;p=1853"},"modified":"2017-05-27T08:01:38","modified_gmt":"2017-05-27T08:01:38","slug":"hootsuite","status":"publish","type":"product","link":"https:\/\/helpful.my-mind.online\/?product=hootsuite","title":{"rendered":"Hootsuite"},"content":{"rendered":"<h2><img loading=\"lazy\" decoding=\"async\" class=\"alignnone wp-image-1854\" src=\"http:\/\/probin.info\/technos\/wp-content\/uploads\/2017\/04\/hootsuite-1.png\" alt=\"\" width=\"594\" height=\"263\" srcset=\"https:\/\/helpful.my-mind.online\/wp-content\/uploads\/2017\/04\/hootsuite-1.png 975w, https:\/\/helpful.my-mind.online\/wp-content\/uploads\/2017\/04\/hootsuite-1-150x66.png 150w, https:\/\/helpful.my-mind.online\/wp-content\/uploads\/2017\/04\/hootsuite-1-100x44.png 100w, https:\/\/helpful.my-mind.online\/wp-content\/uploads\/2017\/04\/hootsuite-1-768x340.png 768w\" sizes=\"auto, (max-width: 594px) 100vw, 594px\" \/><\/h2>\n<hr \/>\n<h3 class=\"title-bar__copy\"><span style=\"font-size: 18pt;\">G\u00e9rez les m\u00e9dias sociaux en <span class=\"u-nowrap\">toute facilit\u00e9<\/span><\/span><\/h3>\n<blockquote><p><span style=\"font-size: 14pt;\"><em>Appuyez votre r\u00e9ussite sur la puissance communautaire gr\u00e2ce \u00e0 notre large gamme de solutions de marketing digital et de gestion des m\u00e9dias sociaux. D\u00e9couvrez pourquoi plus de 15 millions d&#8217;utilisateurs, dont des travailleurs ind\u00e9pendants et plus de 800 entreprises du classement Fortune 1000, font confiance aux produits Hootsuite afin de simplifier leur gestion des m\u00e9dias sociaux.<\/em><\/span><\/p><\/blockquote>\n<hr \/>\n<p><a href=\"https:\/\/hootsuite.com\" target=\"_blank\" rel=\"noopener noreferrer\">https:\/\/hootsuite.com<\/a><\/p>\n<div id='gallery-1' class='gallery galleryid-1853 gallery-columns-3 gallery-size-thumbnail'><figure class='gallery-item'>\n\t\t\t<div class='gallery-icon landscape'>\n\t\t\t\t<a href='https:\/\/helpful.my-mind.online\/wp-content\/uploads\/2017\/04\/hootsuite-3.png' rel=\"lightbox[gallery-0]\"><img loading=\"lazy\" decoding=\"async\" width=\"100\" height=\"100\" src=\"https:\/\/helpful.my-mind.online\/wp-content\/uploads\/2017\/04\/hootsuite-3-100x100.png\" class=\"attachment-thumbnail size-thumbnail\" alt=\"\" srcset=\"https:\/\/helpful.my-mind.online\/wp-content\/uploads\/2017\/04\/hootsuite-3-100x100.png 100w, https:\/\/helpful.my-mind.online\/wp-content\/uploads\/2017\/04\/hootsuite-3-150x150.png 150w\" sizes=\"auto, (max-width: 100px) 100vw, 100px\" \/><\/a>\n\t\t\t<\/div><\/figure><figure class='gallery-item'>\n\t\t\t<div class='gallery-icon landscape'>\n\t\t\t\t<a href='https:\/\/helpful.my-mind.online\/wp-content\/uploads\/2017\/04\/hootsuite-2.png' rel=\"lightbox[gallery-0]\"><img loading=\"lazy\" decoding=\"async\" width=\"100\" height=\"100\" src=\"https:\/\/helpful.my-mind.online\/wp-content\/uploads\/2017\/04\/hootsuite-2-100x100.png\" class=\"attachment-thumbnail size-thumbnail\" alt=\"\" srcset=\"https:\/\/helpful.my-mind.online\/wp-content\/uploads\/2017\/04\/hootsuite-2-100x100.png 100w, https:\/\/helpful.my-mind.online\/wp-content\/uploads\/2017\/04\/hootsuite-2-150x150.png 150w\" sizes=\"auto, (max-width: 100px) 100vw, 100px\" \/><\/a>\n\t\t\t<\/div><\/figure>\n\t\t<\/div>\n\n","protected":false},"excerpt":{"rendered":"<p><a href=\"https:\/\/hootsuite.com\" target=\"_blank\" rel=\"noopener noreferrer\">https:\/\/hootsuite.com<\/a><\/p>\n<p>&nbsp;<\/p>\n","protected":false},"featured_media":1857,"comment_status":"closed","ping_status":"closed","template":"","meta":[],"class_list":{"0":"post-1853","1":"product","2":"type-product","3":"status-publish","4":"has-post-thumbnail","6":"product_cat-all","7":"product_cat-soft-serveur","9":"first","10":"instock","11":"shipping-taxable","12":"product-type-simple"},"_links":{"self":[{"href":"https:\/\/helpful.my-mind.online\/index.php?rest_route=\/wp\/v2\/product\/1853","targetHints":{"allow":["GET"]}}],"collection":[{"href":"https:\/\/helpful.my-mind.online\/index.php?rest_route=\/wp\/v2\/product"}],"about":[{"href":"https:\/\/helpful.my-mind.online\/index.php?rest_route=\/wp\/v2\/types\/product"}],"replies":[{"embeddable":true,"href":"https:\/\/helpful.my-mind.online\/index.php?rest_route=%2Fwp%2Fv2%2Fcomments&post=1853"}],"wp:featuredmedia":[{"embeddable":true,"href":"https:\/\/helpful.my-mind.online\/index.php?rest_route=\/wp\/v2\/media\/1857"}],"wp:attachment":[{"href":"https:\/\/helpful.my-mind.online\/index.php?rest_route=%2Fwp%2Fv2%2Fmedia&parent=1853"}],"curies":[{"name":"wp","href":"https:\/\/api.w.org\/{rel}","templated":true}]}}