{"id":1848,"date":"2017-04-26T13:21:19","date_gmt":"2017-04-26T13:21:19","guid":{"rendered":"http:\/\/probin.info\/technos\/?post_type=product&#038;p=1848"},"modified":"2017-05-27T08:02:10","modified_gmt":"2017-05-27T08:02:10","slug":"1848","status":"publish","type":"product","link":"https:\/\/helpful.my-mind.online\/?product=1848","title":{"rendered":"Networth Adapt-IT"},"content":{"rendered":"<h2><img loading=\"lazy\" decoding=\"async\" class=\"wp-image-1485 alignleft\" src=\"http:\/\/networthplatform.com\/wp-content\/uploads\/2013\/12\/ADAPT-IT-acc%C3%A9l%C3%A9rer-la-mise-sur-le-march%C3%A9-by-Networth.png\" sizes=\"auto, (max-width: 737px) 100vw, 737px\" srcset=\"http:\/\/networthplatform.com\/wp-content\/uploads\/2013\/12\/ADAPT-IT-acc\u00e9l\u00e9rer-la-mise-sur-le-march\u00e9-by-Networth.png 737w, http:\/\/networthplatform.com\/wp-content\/uploads\/2013\/12\/ADAPT-IT-acc\u00e9l\u00e9rer-la-mise-sur-le-march\u00e9-by-Networth-300x100.png 300w\" alt=\"ADAPT-IT - acc\u00e9l\u00e9rer la mise sur le march\u00e9 by Networth\" width=\"548\" height=\"183\" \/><\/h2>\n<h1><span style=\"font-size: 18pt;\">ADAPT-IT : acc\u00e9l\u00e9rer la traduction et l\u2019adaptation des contenus marketing<\/span><\/h1>\n<p>Les marketeurs locaux doivent pouvoir s\u2019approprier le plus rapidement possible les dispositifs marketing mis \u00e0 leur disposition pour les localiser, c\u2019est-\u00e0-dire les traduire et les adapter aux codes culturels et sociaux locaux.<\/p>\n<p>Dans le m\u00eame temps, la marque doit s\u2019assurer de la <strong>coh\u00e9rence globale<\/strong> de ces multiples localisations afin de garantir le respects de ses codes de communication.<\/p>\n<p>C\u2019est pour cela que le module ADAPT-IT permet aux march\u00e9s locaux de traduire et adapter les <strong>contenus marketing multi-canaux<\/strong> \u00e0 partir des fichiers originaux des agences au travers d\u2019un interface de localisation (web &amp; print).<\/p>\n<p>Cette interface permet \u00e0 toute personne habilit\u00e9e, sans connaissance technique, de traduire \u00e0 distance les newsletters, les op\u00e9rations commerciales, les fiches produits, les annonces publicitaires ou les visuels merchandising. Cela se fait intuitivement en <strong>mode WYSIWYG<\/strong> (what you see is what you get).<br \/>\nLes formats de fichiers sont indiff\u00e9remment <strong>HTML<\/strong>, <strong>Flash<\/strong> ou <strong>INDD<\/strong>.<\/p>\n<p>La traduction \u00e9tant effectu\u00e9e, il est possible sur la m\u00eame interface d\u2019adapter\u00a0aux valeurs locales les messages de la marque en les soumettant, si besoin, \u00e0 un flux (workflow)\u00a0de validation.<\/p>\n<hr \/>\n<p><a href=\"http:\/\/networthplatform.com\/\" target=\"_blank\" rel=\"noopener noreferrer\">http:\/\/networthplatform.com\/<\/a><\/p>\n<div id='gallery-1' class='gallery galleryid-1848 gallery-columns-3 gallery-size-thumbnail'><figure class='gallery-item'>\n\t\t\t<div class='gallery-icon landscape'>\n\t\t\t\t<a href='https:\/\/helpful.my-mind.online\/wp-content\/uploads\/2017\/04\/networth_2.png' rel=\"lightbox[gallery-0]\"><img loading=\"lazy\" decoding=\"async\" width=\"100\" height=\"100\" src=\"https:\/\/helpful.my-mind.online\/wp-content\/uploads\/2017\/04\/networth_2-100x100.png\" class=\"attachment-thumbnail size-thumbnail\" alt=\"\" srcset=\"https:\/\/helpful.my-mind.online\/wp-content\/uploads\/2017\/04\/networth_2-100x100.png 100w, https:\/\/helpful.my-mind.online\/wp-content\/uploads\/2017\/04\/networth_2-150x150.png 150w\" sizes=\"auto, (max-width: 100px) 100vw, 100px\" \/><\/a>\n\t\t\t<\/div><\/figure>\n\t\t<\/div>\n\n","protected":false},"excerpt":{"rendered":"<p><a href=\"http:\/\/networthplatform.com\/\" target=\"_blank\" rel=\"noopener noreferrer\">http:\/\/networthplatform.com\/<\/a><\/p>\n","protected":false},"featured_media":1844,"comment_status":"closed","ping_status":"closed","template":"","meta":[],"class_list":{"0":"post-1848","1":"product","2":"type-product","3":"status-publish","4":"has-post-thumbnail","6":"product_cat-all","7":"product_cat-soft-serveur","9":"first","10":"instock","11":"shipping-taxable","12":"product-type-simple"},"_links":{"self":[{"href":"https:\/\/helpful.my-mind.online\/index.php?rest_route=\/wp\/v2\/product\/1848","targetHints":{"allow":["GET"]}}],"collection":[{"href":"https:\/\/helpful.my-mind.online\/index.php?rest_route=\/wp\/v2\/product"}],"about":[{"href":"https:\/\/helpful.my-mind.online\/index.php?rest_route=\/wp\/v2\/types\/product"}],"replies":[{"embeddable":true,"href":"https:\/\/helpful.my-mind.online\/index.php?rest_route=%2Fwp%2Fv2%2Fcomments&post=1848"}],"wp:featuredmedia":[{"embeddable":true,"href":"https:\/\/helpful.my-mind.online\/index.php?rest_route=\/wp\/v2\/media\/1844"}],"wp:attachment":[{"href":"https:\/\/helpful.my-mind.online\/index.php?rest_route=%2Fwp%2Fv2%2Fmedia&parent=1848"}],"curies":[{"name":"wp","href":"https:\/\/api.w.org\/{rel}","templated":true}]}}