{"id":1846,"date":"2017-04-26T13:14:58","date_gmt":"2017-04-26T13:14:58","guid":{"rendered":"http:\/\/probin.info\/technos\/?post_type=product&#038;p=1846"},"modified":"2017-05-27T08:02:29","modified_gmt":"2017-05-27T08:02:29","slug":"networth","status":"publish","type":"product","link":"https:\/\/helpful.my-mind.online\/?product=networth","title":{"rendered":"Networth Resize-IT"},"content":{"rendered":"<h2><img loading=\"lazy\" decoding=\"async\" class=\"alignnone wp-image-1847\" src=\"http:\/\/probin.info\/technos\/wp-content\/uploads\/2017\/04\/RESIZE-IT-viser-lexcellence-aux-points-de-vente-by-Networth.png\" alt=\"\" width=\"503\" height=\"168\" srcset=\"https:\/\/helpful.my-mind.online\/wp-content\/uploads\/2017\/04\/RESIZE-IT-viser-lexcellence-aux-points-de-vente-by-Networth.png 737w, https:\/\/helpful.my-mind.online\/wp-content\/uploads\/2017\/04\/RESIZE-IT-viser-lexcellence-aux-points-de-vente-by-Networth-150x50.png 150w, https:\/\/helpful.my-mind.online\/wp-content\/uploads\/2017\/04\/RESIZE-IT-viser-lexcellence-aux-points-de-vente-by-Networth-100x33.png 100w\" sizes=\"auto, (max-width: 503px) 100vw, 503px\" \/><\/h2>\n<h1><span style=\"font-size: 18pt;\">RESIZE-IT : au service de la charte graphique d\u2019un visuel de campagne<\/span><\/h1>\n<p>Pour viser l\u2019excellence en terme de communication aux points de vente, il est imp\u00e9ratif de raisonner dans une logique de charte merchandising. La charte graphique d\u00e9finira les r\u00e9ponses de la marque dans sa communication visuelle dans les points de vente. Pour cela elle devra anticiper sur des contextes tr\u00e8s vari\u00e9s.<\/p>\n<p>Pour donner un exemple concret, analysons le lancement international du premier <strong>parfum d\u2019ELIE SAAB<\/strong> lanc\u00e9 par <strong>Beaut\u00e9 Prestige International<\/strong>. La campagne mondiale a du s\u2019adapter \u00e0 des contextes locaux tr\u00e8s vari\u00e9s.<\/p>\n<hr \/>\n<p><a href=\"http:\/\/networthplatform.com\/\" target=\"_blank\" rel=\"noopener noreferrer\">http:\/\/networthplatform.com\/<\/a><\/p>\n<div id='gallery-1' class='gallery galleryid-1846 gallery-columns-3 gallery-size-thumbnail'><figure class='gallery-item'>\n\t\t\t<div class='gallery-icon landscape'>\n\t\t\t\t<a href='https:\/\/helpful.my-mind.online\/wp-content\/uploads\/2017\/04\/networth_3.png' rel=\"lightbox[gallery-0]\"><img loading=\"lazy\" decoding=\"async\" width=\"100\" height=\"100\" src=\"https:\/\/helpful.my-mind.online\/wp-content\/uploads\/2017\/04\/networth_3-100x100.png\" class=\"attachment-thumbnail size-thumbnail\" alt=\"\" srcset=\"https:\/\/helpful.my-mind.online\/wp-content\/uploads\/2017\/04\/networth_3-100x100.png 100w, https:\/\/helpful.my-mind.online\/wp-content\/uploads\/2017\/04\/networth_3-150x150.png 150w\" sizes=\"auto, (max-width: 100px) 100vw, 100px\" \/><\/a>\n\t\t\t<\/div><\/figure>\n\t\t<\/div>\n\n","protected":false},"excerpt":{"rendered":"<p><a href=\"http:\/\/networthplatform.com\/\" target=\"_blank\" rel=\"noopener noreferrer\">http:\/\/networthplatform.com\/<\/a><\/p>\n","protected":false},"featured_media":1844,"comment_status":"closed","ping_status":"closed","template":"","meta":[],"class_list":{"0":"post-1846","1":"product","2":"type-product","3":"status-publish","4":"has-post-thumbnail","6":"product_cat-all","7":"product_cat-soft-serveur","9":"first","10":"instock","11":"shipping-taxable","12":"product-type-simple"},"_links":{"self":[{"href":"https:\/\/helpful.my-mind.online\/index.php?rest_route=\/wp\/v2\/product\/1846","targetHints":{"allow":["GET"]}}],"collection":[{"href":"https:\/\/helpful.my-mind.online\/index.php?rest_route=\/wp\/v2\/product"}],"about":[{"href":"https:\/\/helpful.my-mind.online\/index.php?rest_route=\/wp\/v2\/types\/product"}],"replies":[{"embeddable":true,"href":"https:\/\/helpful.my-mind.online\/index.php?rest_route=%2Fwp%2Fv2%2Fcomments&post=1846"}],"wp:featuredmedia":[{"embeddable":true,"href":"https:\/\/helpful.my-mind.online\/index.php?rest_route=\/wp\/v2\/media\/1844"}],"wp:attachment":[{"href":"https:\/\/helpful.my-mind.online\/index.php?rest_route=%2Fwp%2Fv2%2Fmedia&parent=1846"}],"curies":[{"name":"wp","href":"https:\/\/api.w.org\/{rel}","templated":true}]}}