{"id":1638,"date":"2017-02-23T11:35:44","date_gmt":"2017-02-23T11:35:44","guid":{"rendered":"http:\/\/probin.info\/technos\/?post_type=product&#038;p=1638"},"modified":"2019-01-14T17:26:11","modified_gmt":"2019-01-14T17:26:11","slug":"j2s-simple-worspace","status":"publish","type":"product","link":"https:\/\/helpful.my-mind.online\/?product=j2s-simple-worspace","title":{"rendered":"Simple Worspace"},"content":{"rendered":"<div class=\"custom\">\n<h2>\u00a0<img loading=\"lazy\" decoding=\"async\" class=\"alignnone wp-image-1645\" src=\"http:\/\/probin.info\/technos\/wp-content\/uploads\/2017\/02\/j2s_simple_ws_04.png\" alt=\"\" width=\"583\" height=\"262\" srcset=\"https:\/\/helpful.my-mind.online\/wp-content\/uploads\/2017\/02\/j2s_simple_ws_04.png 846w, https:\/\/helpful.my-mind.online\/wp-content\/uploads\/2017\/02\/j2s_simple_ws_04-150x67.png 150w, https:\/\/helpful.my-mind.online\/wp-content\/uploads\/2017\/02\/j2s_simple_ws_04-100x45.png 100w, https:\/\/helpful.my-mind.online\/wp-content\/uploads\/2017\/02\/j2s_simple_ws_04-768x345.png 768w\" sizes=\"auto, (max-width: 583px) 100vw, 583px\" \/><\/h2>\n<h2>Simple Workspace, la plateforme de production pr\u00e9-m\u00e9dia sur mesure<\/h2>\n<\/div>\n<div class=\"t3-spotlight t3-spotlight-1 row\">\n<div class=\" col-lg-12 col-md-12 col-sm-12 col-xs-12\">\n<div id=\"Mod111\" class=\"t3-module module \">\n<div class=\"module-inner\">\n<div class=\"module-ct\">\n<div class=\"custom\">\n<p>Con\u00e7ue et d\u00e9velopp\u00e9e par J2S, Simple Workspace simplifie la publication multi-canale de tout type de contenu.<\/p>\n<\/div>\n<\/div>\n<\/div>\n<\/div>\n<\/div>\n<\/div>\n<div class=\"t3-spotlight t3-spotlight-1 row\">\n<hr \/>\n<\/div>\n<p><iframe loading=\"lazy\" src=\"\/\/www.youtube.com\/embed\/iTmkE4NWYLs\" width=\"560\" height=\"314\" allowfullscreen=\"allowfullscreen\"><\/iframe><\/p>\n<hr \/>\n<div id='gallery-1' class='gallery galleryid-1638 gallery-columns-3 gallery-size-thumbnail'><figure class='gallery-item'>\n\t\t\t<div class='gallery-icon landscape'>\n\t\t\t\t<a href='https:\/\/helpful.my-mind.online\/wp-content\/uploads\/2017\/02\/j2s_simple_ws_04.png' rel=\"lightbox[gallery-0]\"><img loading=\"lazy\" decoding=\"async\" width=\"100\" height=\"100\" src=\"https:\/\/helpful.my-mind.online\/wp-content\/uploads\/2017\/02\/j2s_simple_ws_04-100x100.png\" class=\"attachment-thumbnail size-thumbnail\" alt=\"\" srcset=\"https:\/\/helpful.my-mind.online\/wp-content\/uploads\/2017\/02\/j2s_simple_ws_04-100x100.png 100w, https:\/\/helpful.my-mind.online\/wp-content\/uploads\/2017\/02\/j2s_simple_ws_04-150x150.png 150w\" sizes=\"auto, (max-width: 100px) 100vw, 100px\" \/><\/a>\n\t\t\t<\/div><\/figure><figure class='gallery-item'>\n\t\t\t<div class='gallery-icon landscape'>\n\t\t\t\t<a href='https:\/\/helpful.my-mind.online\/wp-content\/uploads\/2017\/02\/j2s_simple_ws_08.png' rel=\"lightbox[gallery-0]\"><img loading=\"lazy\" decoding=\"async\" width=\"100\" height=\"100\" src=\"https:\/\/helpful.my-mind.online\/wp-content\/uploads\/2017\/02\/j2s_simple_ws_08-100x100.png\" class=\"attachment-thumbnail size-thumbnail\" alt=\"\" srcset=\"https:\/\/helpful.my-mind.online\/wp-content\/uploads\/2017\/02\/j2s_simple_ws_08-100x100.png 100w, https:\/\/helpful.my-mind.online\/wp-content\/uploads\/2017\/02\/j2s_simple_ws_08-150x150.png 150w\" sizes=\"auto, (max-width: 100px) 100vw, 100px\" \/><\/a>\n\t\t\t<\/div><\/figure><figure class='gallery-item'>\n\t\t\t<div class='gallery-icon landscape'>\n\t\t\t\t<a href='https:\/\/helpful.my-mind.online\/wp-content\/uploads\/2017\/02\/j2s_simple_ws_01-1.png' rel=\"lightbox[gallery-0]\"><img loading=\"lazy\" decoding=\"async\" width=\"100\" height=\"100\" src=\"https:\/\/helpful.my-mind.online\/wp-content\/uploads\/2017\/02\/j2s_simple_ws_01-1-100x100.png\" class=\"attachment-thumbnail size-thumbnail\" alt=\"\" srcset=\"https:\/\/helpful.my-mind.online\/wp-content\/uploads\/2017\/02\/j2s_simple_ws_01-1-100x100.png 100w, https:\/\/helpful.my-mind.online\/wp-content\/uploads\/2017\/02\/j2s_simple_ws_01-1-150x150.png 150w\" sizes=\"auto, (max-width: 100px) 100vw, 100px\" \/><\/a>\n\t\t\t<\/div><\/figure><figure class='gallery-item'>\n\t\t\t<div class='gallery-icon landscape'>\n\t\t\t\t<a href='https:\/\/helpful.my-mind.online\/wp-content\/uploads\/2017\/02\/j2s_simple_ws_02.png' rel=\"lightbox[gallery-0]\"><img loading=\"lazy\" decoding=\"async\" width=\"100\" height=\"100\" src=\"https:\/\/helpful.my-mind.online\/wp-content\/uploads\/2017\/02\/j2s_simple_ws_02-100x100.png\" class=\"attachment-thumbnail size-thumbnail\" alt=\"\" srcset=\"https:\/\/helpful.my-mind.online\/wp-content\/uploads\/2017\/02\/j2s_simple_ws_02-100x100.png 100w, https:\/\/helpful.my-mind.online\/wp-content\/uploads\/2017\/02\/j2s_simple_ws_02-150x150.png 150w\" sizes=\"auto, (max-width: 100px) 100vw, 100px\" \/><\/a>\n\t\t\t<\/div><\/figure><figure class='gallery-item'>\n\t\t\t<div class='gallery-icon landscape'>\n\t\t\t\t<a href='https:\/\/helpful.my-mind.online\/wp-content\/uploads\/2017\/02\/j2s_simple_ws_03.png' rel=\"lightbox[gallery-0]\"><img loading=\"lazy\" decoding=\"async\" width=\"100\" height=\"100\" src=\"https:\/\/helpful.my-mind.online\/wp-content\/uploads\/2017\/02\/j2s_simple_ws_03-100x100.png\" class=\"attachment-thumbnail size-thumbnail\" alt=\"\" srcset=\"https:\/\/helpful.my-mind.online\/wp-content\/uploads\/2017\/02\/j2s_simple_ws_03-100x100.png 100w, https:\/\/helpful.my-mind.online\/wp-content\/uploads\/2017\/02\/j2s_simple_ws_03-150x150.png 150w\" sizes=\"auto, (max-width: 100px) 100vw, 100px\" \/><\/a>\n\t\t\t<\/div><\/figure><figure class='gallery-item'>\n\t\t\t<div class='gallery-icon landscape'>\n\t\t\t\t<a href='https:\/\/helpful.my-mind.online\/wp-content\/uploads\/2017\/02\/j2s_simple_ws_05.png' rel=\"lightbox[gallery-0]\"><img loading=\"lazy\" decoding=\"async\" width=\"100\" height=\"100\" src=\"https:\/\/helpful.my-mind.online\/wp-content\/uploads\/2017\/02\/j2s_simple_ws_05-100x100.png\" class=\"attachment-thumbnail size-thumbnail\" alt=\"\" srcset=\"https:\/\/helpful.my-mind.online\/wp-content\/uploads\/2017\/02\/j2s_simple_ws_05-100x100.png 100w, https:\/\/helpful.my-mind.online\/wp-content\/uploads\/2017\/02\/j2s_simple_ws_05-150x150.png 150w\" sizes=\"auto, (max-width: 100px) 100vw, 100px\" \/><\/a>\n\t\t\t<\/div><\/figure><figure class='gallery-item'>\n\t\t\t<div class='gallery-icon landscape'>\n\t\t\t\t<a href='https:\/\/helpful.my-mind.online\/wp-content\/uploads\/2017\/02\/j2s_simple_ws_06.png' rel=\"lightbox[gallery-0]\"><img loading=\"lazy\" decoding=\"async\" width=\"100\" height=\"100\" src=\"https:\/\/helpful.my-mind.online\/wp-content\/uploads\/2017\/02\/j2s_simple_ws_06-100x100.png\" class=\"attachment-thumbnail size-thumbnail\" alt=\"\" srcset=\"https:\/\/helpful.my-mind.online\/wp-content\/uploads\/2017\/02\/j2s_simple_ws_06-100x100.png 100w, https:\/\/helpful.my-mind.online\/wp-content\/uploads\/2017\/02\/j2s_simple_ws_06-150x150.png 150w\" sizes=\"auto, (max-width: 100px) 100vw, 100px\" \/><\/a>\n\t\t\t<\/div><\/figure><figure class='gallery-item'>\n\t\t\t<div class='gallery-icon landscape'>\n\t\t\t\t<a href='https:\/\/helpful.my-mind.online\/wp-content\/uploads\/2017\/02\/j2s_simple_ws_07.png' rel=\"lightbox[gallery-0]\"><img loading=\"lazy\" decoding=\"async\" width=\"100\" height=\"100\" src=\"https:\/\/helpful.my-mind.online\/wp-content\/uploads\/2017\/02\/j2s_simple_ws_07-100x100.png\" class=\"attachment-thumbnail size-thumbnail\" alt=\"\" srcset=\"https:\/\/helpful.my-mind.online\/wp-content\/uploads\/2017\/02\/j2s_simple_ws_07-100x100.png 100w, https:\/\/helpful.my-mind.online\/wp-content\/uploads\/2017\/02\/j2s_simple_ws_07-150x150.png 150w\" sizes=\"auto, (max-width: 100px) 100vw, 100px\" \/><\/a>\n\t\t\t<\/div><\/figure>\n\t\t<\/div>\n\n","protected":false},"excerpt":{"rendered":"<p><a href=\"http:\/\/www.j2s.net\">http:\/\/www.j2s.net<\/a><\/p>\n<p><a href=\"http:\/\/j2s.net\/fr\/logiciels\/simple-workspace\/\" target=\"_blank\" rel=\"noopener\">Simple-workspace<\/a><\/p>\n","protected":false},"featured_media":1713,"comment_status":"open","ping_status":"closed","template":"","meta":[],"class_list":{"0":"post-1638","1":"product","2":"type-product","3":"status-publish","4":"has-post-thumbnail","6":"product_cat-all","7":"product_cat-soft-serveur","9":"first","10":"instock","11":"shipping-taxable","12":"product-type-simple"},"_links":{"self":[{"href":"https:\/\/helpful.my-mind.online\/index.php?rest_route=\/wp\/v2\/product\/1638","targetHints":{"allow":["GET"]}}],"collection":[{"href":"https:\/\/helpful.my-mind.online\/index.php?rest_route=\/wp\/v2\/product"}],"about":[{"href":"https:\/\/helpful.my-mind.online\/index.php?rest_route=\/wp\/v2\/types\/product"}],"replies":[{"embeddable":true,"href":"https:\/\/helpful.my-mind.online\/index.php?rest_route=%2Fwp%2Fv2%2Fcomments&post=1638"}],"wp:featuredmedia":[{"embeddable":true,"href":"https:\/\/helpful.my-mind.online\/index.php?rest_route=\/wp\/v2\/media\/1713"}],"wp:attachment":[{"href":"https:\/\/helpful.my-mind.online\/index.php?rest_route=%2Fwp%2Fv2%2Fmedia&parent=1638"}],"curies":[{"name":"wp","href":"https:\/\/api.w.org\/{rel}","templated":true}]}}