{"id":1495,"date":"2017-02-21T10:09:00","date_gmt":"2017-02-21T10:09:00","guid":{"rendered":"http:\/\/probin.info\/technos\/?post_type=product&#038;p=1495"},"modified":"2017-02-24T14:47:00","modified_gmt":"2017-02-24T14:47:00","slug":"telescope","status":"publish","type":"product","link":"https:\/\/helpful.my-mind.online\/?product=telescope","title":{"rendered":"Telescope"},"content":{"rendered":"<p><strong>Telescope<\/strong><\/p>\n<p>Telescope est la principale solution de gestion des ressources num\u00e9riques pour les soci\u00e9t\u00e9s et organismes qui recherchent un outil d&#8217;entreprise solide pour la gestion de millions de ressources li\u00e9es \u00e0 diff\u00e9rents march\u00e9s. Telescope permet aux documentalistes de g\u00e9rer le volume croissant des ressources num\u00e9riques de leur entreprise, de mani\u00e8re \u00e0 r\u00e9duire le temps pass\u00e9 en recherches, mieux ma\u00eetriser des ressources de marque et am\u00e9liorer l&#8217;efficacit\u00e9 et la productivit\u00e9 du service.<\/p>\n<p>Telescope est extr\u00eamement flexible, et peut \u00eatre mis en \u0153uvre \u00e0 la fois sur site ou en tant que solution h\u00e9berg\u00e9e. De plus, il s&#8217;int\u00e8gre facilement \u00e0 votre structure informatique et aux nombreuses applications tierces que vous utilisez d\u00e9j\u00e0. Les mod\u00e8les North Plains d&#8217;int\u00e9gration et d&#8217;assistance client\u00e8le maximisent l&#8217;adoption au sein de l&#8217;entreprise. Vous tirez donc le meilleur parti de votre solution GRN, o\u00f9 Telescope fait office de terminal pour toutes les ressources globales de votre entreprise.<\/p>\n<p><strong>R\u00e9f\u00e9rentiel central<\/strong><\/p>\n<p>Telescope stocke et prot\u00e8ge des millions de ressources, ce qui se traduit par des \u00e9conomies au sein de l&#8217;entreprise. Trouvez les ressources dont vous avez besoin, d\u00e9couvrez les ressources dont vous ignoriez l&#8217;existence et diffusez rapidement les versions appropri\u00e9es \u00e0 l&#8217;ensemble de vos march\u00e9s mondiaux.<\/p>\n<hr \/>\n<div id='gallery-1' class='gallery galleryid-1495 gallery-columns-3 gallery-size-thumbnail'><figure class='gallery-item'>\n\t\t\t<div class='gallery-icon landscape'>\n\t\t\t\t<a href='https:\/\/helpful.my-mind.online\/wp-content\/uploads\/2017\/02\/north-plains.png' rel=\"lightbox[gallery-0]\"><img loading=\"lazy\" decoding=\"async\" width=\"100\" height=\"100\" src=\"https:\/\/helpful.my-mind.online\/wp-content\/uploads\/2017\/02\/north-plains-100x100.png\" class=\"attachment-thumbnail size-thumbnail\" alt=\"\" srcset=\"https:\/\/helpful.my-mind.online\/wp-content\/uploads\/2017\/02\/north-plains-100x100.png 100w, https:\/\/helpful.my-mind.online\/wp-content\/uploads\/2017\/02\/north-plains-150x150.png 150w\" sizes=\"auto, (max-width: 100px) 100vw, 100px\" \/><\/a>\n\t\t\t<\/div><\/figure>\n\t\t<\/div>\n\n","protected":false},"excerpt":{"rendered":"<p><a href=\"https:\/\/www.northplains.com\">https:\/\/www.northplains.com<\/a><\/p>\n","protected":false},"featured_media":1702,"comment_status":"open","ping_status":"closed","template":"","meta":[],"class_list":{"0":"post-1495","1":"product","2":"type-product","3":"status-publish","4":"has-post-thumbnail","6":"product_cat-all","7":"product_cat-soft-serveur","9":"first","10":"instock","11":"shipping-taxable","12":"product-type-simple"},"_links":{"self":[{"href":"https:\/\/helpful.my-mind.online\/index.php?rest_route=\/wp\/v2\/product\/1495","targetHints":{"allow":["GET"]}}],"collection":[{"href":"https:\/\/helpful.my-mind.online\/index.php?rest_route=\/wp\/v2\/product"}],"about":[{"href":"https:\/\/helpful.my-mind.online\/index.php?rest_route=\/wp\/v2\/types\/product"}],"replies":[{"embeddable":true,"href":"https:\/\/helpful.my-mind.online\/index.php?rest_route=%2Fwp%2Fv2%2Fcomments&post=1495"}],"wp:featuredmedia":[{"embeddable":true,"href":"https:\/\/helpful.my-mind.online\/index.php?rest_route=\/wp\/v2\/media\/1702"}],"wp:attachment":[{"href":"https:\/\/helpful.my-mind.online\/index.php?rest_route=%2Fwp%2Fv2%2Fmedia&parent=1495"}],"curies":[{"name":"wp","href":"https:\/\/api.w.org\/{rel}","templated":true}]}}