{"id":1488,"date":"2017-02-21T09:42:48","date_gmt":"2017-02-21T09:42:48","guid":{"rendered":"http:\/\/probin.info\/technos\/?post_type=product&#038;p=1488"},"modified":"2017-02-24T14:45:12","modified_gmt":"2017-02-24T14:45:12","slug":"ajaris","status":"publish","type":"product","link":"https:\/\/helpful.my-mind.online\/?product=ajaris","title":{"rendered":"Ajaris"},"content":{"rendered":"<div class=\"wpb_text_column wpb_content_element \">\n<div class=\"wpb_wrapper\">\n<h1><img loading=\"lazy\" decoding=\"async\" class=\"alignnone wp-image-1742\" src=\"http:\/\/probin.info\/technos\/wp-content\/uploads\/2017\/02\/ajaris-color-search.jpg\" alt=\"\" width=\"505\" height=\"285\" srcset=\"https:\/\/helpful.my-mind.online\/wp-content\/uploads\/2017\/02\/ajaris-color-search.jpg 576w, https:\/\/helpful.my-mind.online\/wp-content\/uploads\/2017\/02\/ajaris-color-search-150x85.jpg 150w, https:\/\/helpful.my-mind.online\/wp-content\/uploads\/2017\/02\/ajaris-color-search-100x56.jpg 100w\" sizes=\"auto, (max-width: 505px) 100vw, 505px\" \/><\/h1>\n<h1>AJARIS WEBSUITE<\/h1>\n<\/div>\n<\/div>\n<div class=\"wpb_text_column wpb_content_element \">\n<div class=\"wpb_wrapper\">\n<p>H\u00e9berg\u00e9e en mode SaaS ou install\u00e9e au c\u0153ur de votre syst\u00e8me d\u2019informations, Ajaris-WebSuite est le logiciel de gestion de visuels id\u00e9al pour les professionnels les plus exigeants.<\/p>\n<div class=\"wpb_text_column wpb_content_element \">\n<div class=\"wpb_wrapper\">\n<h1>AJARIS STUDIO<\/h1>\n<\/div>\n<\/div>\n<div class=\"wpb_text_column wpb_content_element \">\n<div class=\"wpb_wrapper\">\n<p>Studio int\u00e9gr\u00e9 de prise de vue produits : associe le meilleur d\u2019Ajaris-WebSuite avec la gamme des machines de \u00ab shooting \u00bb Orbitvu, reconnues comme \u00e9tant les plus performantes au monde.<\/p>\n<hr \/>\n<\/div>\n<\/div>\n<\/div>\n<\/div>\n<p><span style=\"text-decoration: underline;\"><strong>Site de test :<\/strong><\/span> <a href=\"http:\/\/demo.ajaris.com\">http:\/\/demo.ajaris.com<\/a><\/p>\n<hr \/>\n<div id='gallery-1' class='gallery galleryid-1488 gallery-columns-3 gallery-size-thumbnail'><figure class='gallery-item'>\n\t\t\t<div class='gallery-icon landscape'>\n\t\t\t\t<a href='https:\/\/helpful.my-mind.online\/wp-content\/uploads\/2017\/02\/orkis-ajaris-web-04.png' rel=\"lightbox[gallery-0]\"><img loading=\"lazy\" decoding=\"async\" width=\"100\" height=\"100\" src=\"https:\/\/helpful.my-mind.online\/wp-content\/uploads\/2017\/02\/orkis-ajaris-web-04-100x100.png\" class=\"attachment-thumbnail size-thumbnail\" alt=\"\" srcset=\"https:\/\/helpful.my-mind.online\/wp-content\/uploads\/2017\/02\/orkis-ajaris-web-04-100x100.png 100w, https:\/\/helpful.my-mind.online\/wp-content\/uploads\/2017\/02\/orkis-ajaris-web-04-150x150.png 150w\" sizes=\"auto, (max-width: 100px) 100vw, 100px\" \/><\/a>\n\t\t\t<\/div><\/figure><figure class='gallery-item'>\n\t\t\t<div class='gallery-icon landscape'>\n\t\t\t\t<a href='https:\/\/helpful.my-mind.online\/wp-content\/uploads\/2017\/02\/orkis-ajaris-web-03.png' rel=\"lightbox[gallery-0]\"><img loading=\"lazy\" decoding=\"async\" width=\"100\" height=\"100\" src=\"https:\/\/helpful.my-mind.online\/wp-content\/uploads\/2017\/02\/orkis-ajaris-web-03-100x100.png\" class=\"attachment-thumbnail size-thumbnail\" alt=\"\" srcset=\"https:\/\/helpful.my-mind.online\/wp-content\/uploads\/2017\/02\/orkis-ajaris-web-03-100x100.png 100w, https:\/\/helpful.my-mind.online\/wp-content\/uploads\/2017\/02\/orkis-ajaris-web-03-150x150.png 150w\" sizes=\"auto, (max-width: 100px) 100vw, 100px\" \/><\/a>\n\t\t\t<\/div><\/figure><figure class='gallery-item'>\n\t\t\t<div class='gallery-icon landscape'>\n\t\t\t\t<a href='https:\/\/helpful.my-mind.online\/wp-content\/uploads\/2017\/02\/orkis-ajaris-web-02.png' rel=\"lightbox[gallery-0]\"><img loading=\"lazy\" decoding=\"async\" width=\"100\" height=\"100\" src=\"https:\/\/helpful.my-mind.online\/wp-content\/uploads\/2017\/02\/orkis-ajaris-web-02-100x100.png\" class=\"attachment-thumbnail size-thumbnail\" alt=\"\" srcset=\"https:\/\/helpful.my-mind.online\/wp-content\/uploads\/2017\/02\/orkis-ajaris-web-02-100x100.png 100w, https:\/\/helpful.my-mind.online\/wp-content\/uploads\/2017\/02\/orkis-ajaris-web-02-150x150.png 150w\" sizes=\"auto, (max-width: 100px) 100vw, 100px\" \/><\/a>\n\t\t\t<\/div><\/figure><figure class='gallery-item'>\n\t\t\t<div class='gallery-icon landscape'>\n\t\t\t\t<a href='https:\/\/helpful.my-mind.online\/wp-content\/uploads\/2017\/02\/orkis-ajaris-web-01.png' rel=\"lightbox[gallery-0]\"><img loading=\"lazy\" decoding=\"async\" width=\"100\" height=\"100\" src=\"https:\/\/helpful.my-mind.online\/wp-content\/uploads\/2017\/02\/orkis-ajaris-web-01-100x100.png\" class=\"attachment-thumbnail size-thumbnail\" alt=\"\" srcset=\"https:\/\/helpful.my-mind.online\/wp-content\/uploads\/2017\/02\/orkis-ajaris-web-01-100x100.png 100w, https:\/\/helpful.my-mind.online\/wp-content\/uploads\/2017\/02\/orkis-ajaris-web-01-150x150.png 150w\" sizes=\"auto, (max-width: 100px) 100vw, 100px\" \/><\/a>\n\t\t\t<\/div><\/figure>\n\t\t<\/div>\n\n","protected":false},"excerpt":{"rendered":"<p><a href=\"http:\/\/www.orkis.com\">http:\/\/www.orkis.com<\/a><\/p>\n","protected":false},"featured_media":1717,"comment_status":"open","ping_status":"closed","template":"","meta":[],"class_list":{"0":"post-1488","1":"product","2":"type-product","3":"status-publish","4":"has-post-thumbnail","6":"product_cat-all","7":"product_cat-soft-serveur","9":"first","10":"instock","11":"shipping-taxable","12":"product-type-simple"},"_links":{"self":[{"href":"https:\/\/helpful.my-mind.online\/index.php?rest_route=\/wp\/v2\/product\/1488","targetHints":{"allow":["GET"]}}],"collection":[{"href":"https:\/\/helpful.my-mind.online\/index.php?rest_route=\/wp\/v2\/product"}],"about":[{"href":"https:\/\/helpful.my-mind.online\/index.php?rest_route=\/wp\/v2\/types\/product"}],"replies":[{"embeddable":true,"href":"https:\/\/helpful.my-mind.online\/index.php?rest_route=%2Fwp%2Fv2%2Fcomments&post=1488"}],"wp:featuredmedia":[{"embeddable":true,"href":"https:\/\/helpful.my-mind.online\/index.php?rest_route=\/wp\/v2\/media\/1717"}],"wp:attachment":[{"href":"https:\/\/helpful.my-mind.online\/index.php?rest_route=%2Fwp%2Fv2%2Fmedia&parent=1488"}],"curies":[{"name":"wp","href":"https:\/\/api.w.org\/{rel}","templated":true}]}}