{"id":254,"date":"2017-01-12T22:04:39","date_gmt":"2017-01-12T22:04:39","guid":{"rendered":"http:\/\/probin.info\/technos\/?page_id=254"},"modified":"2021-08-04T11:37:23","modified_gmt":"2021-08-04T11:37:23","slug":"qui-suis-je","status":"publish","type":"page","link":"https:\/\/helpful.my-mind.online\/?page_id=254","title":{"rendered":"Qui suis je &#8211; Who I am ?"},"content":{"rendered":"<blockquote><p><strong>IMPORTANT<\/strong><br \/>\nJe ne pirate pas les sites, je capte et s\u00e9lectionne de l&#8217;info.<br \/>\nAvec chaque lien externe,<br \/>\nil y a un peu de texte souvant copi\u00e9 sur de la page d&#8217;acceuil du site.<br \/>\nComme indiqu\u00e9 en ent\u00eate, c&#8217;est un index pour moi et vous.<br \/>\nLes sites\/solutions que je s\u00e9lectionne sont pour moi remarquable de qualit\u00e9 de r\u00e9daction ou d&#8217;int\u00e9r\u00eat.<br \/>\n<strong><span style=\"color: #339966;\">Si je r\u00e9dige, j&#8217;\u00e9cris de couleur verte.<\/span><\/strong><\/p><\/blockquote>\n<hr \/>\n<p><strong>DONC QUI SUIS-JE ?<br \/>\n<\/strong><\/p>\n<p><img loading=\"lazy\" decoding=\"async\" class=\"alignnone wp-image-1406 \" src=\"http:\/\/helpful.my-mind.online\/wp-content\/uploads\/2017\/01\/pascal-avatar-seul.gif\" alt=\"\" width=\"75\" height=\"107\" \/><\/p>\n<ul>\n<li><strong>Un passionn\u00e9<\/strong> de l&#8217;infographie<\/li>\n<li>Ayant gard\u00e9 mon Apple IIe, mes manuels HELL<\/li>\n<li>Ancien \u00e9l\u00e8ve des Gobelins, photo couleur, retoucheur &amp; repro<\/li>\n<li><strong>En charge<\/strong>\n<ul>\n<li>DAM de production (depuis 1998)<\/li>\n<li>Workflows Dalim Twist depuis (depuis 2001)<\/li>\n<li>Automatisations<\/li>\n<li>Intranet CMS pour les tutos de process interne<\/li>\n<li>D\u00e9ploiement\/training des outils internes et outils du groupe<\/li>\n<\/ul>\n<\/li>\n<li><strong>En collaboration<\/strong> avec\n<ul>\n<li>L&#8217;IT du groupe Publicis<\/li>\n<li>Des \u00e9diteurs et integrateurs de logiciel<\/li>\n<\/ul>\n<\/li>\n<li><strong>Pour servir<\/strong>\n<ul>\n<li>La Direction de production et commerciale<\/li>\n<li>Les infographistes et chef de projets print et digital<\/li>\n<\/ul>\n<\/li>\n<li><strong>Comp\u00e9tences +<\/strong> <strong>(pas geek mais &#8230;)<\/strong> : shellscript, mysql, php, chartjs, Filemaker<\/li>\n<li>Le tout utilis\u00e9 pour <strong>la vie des fichiers<\/strong> (in\/out, dispatch and reports)<\/li>\n<li>Toujours <strong>disponible<\/strong> pour les <strong>lucides<\/strong> et non pas les stupides<\/li>\n<li>Mon concept : &#8220;Si tu cherches, tu trouves. Si tu as besoin, tu demandes&#8221;<\/li>\n<li>Autre keywords : <strong>connect\u00e9, curieux, self training, ouvert, cr\u00e9atif<\/strong><\/li>\n<li>Passions : Musicien multi instrumentiste, Moto Enduro, kitesurf (depuis 2000), depuis peu &#8220;Long-board Downhill&#8221;<\/li>\n<\/ul>\n<a href=\"http:\/\/helpful.my-mind.online?product_cat=all\" class=\"medium otw-green radius otw-button\">INDEX PRODUCT SELECTED<\/a>\n<a href=\"http:\/\/helpful.my-mind.online?post_type=post\" class=\"medium otw-orange radius otw-button\">BLOG &amp; ARTICLE<\/a>\n<p><a href=\"https:\/\/www.linkedin.com\/in\/pascal-robin-pro\/?originalSubdomain=fr\" target=\"_blank\" rel=\"noopener noreferrer\">Linkedin<\/a> <a class=\"ProfileHeaderCard-screennameLink u-linkComplex js-nav broken_link\" href=\"https:\/\/twitter.com\/probin_pro\" target=\"_blank\" rel=\"noopener noreferrer\"><span class=\"username u-dir\" dir=\"ltr\"><b class=\"u-linkComplex-target\"><img loading=\"lazy\" decoding=\"async\" class=\"alignnone wp-image-2010 \" src=\"http:\/\/helpful.my-mind.online\/wp-content\/uploads\/2018\/01\/is.jpeg\" alt=\"\" width=\"38\" height=\"38\" srcset=\"https:\/\/helpful.my-mind.online\/wp-content\/uploads\/2018\/01\/is.jpeg 341w, https:\/\/helpful.my-mind.online\/wp-content\/uploads\/2018\/01\/is-150x150.jpeg 150w, https:\/\/helpful.my-mind.online\/wp-content\/uploads\/2018\/01\/is-100x100.jpeg 100w\" sizes=\"auto, (max-width: 38px) 100vw, 38px\" \/>@probin_pro<\/b><\/span><\/a><\/p>\n<hr \/>\n<blockquote><p><span id=\"result_box\" class=\"\" lang=\"en\"><strong>IMPORTANT<\/strong><br \/>\nI do not hack sites, I pick up and select informations.<br \/>\nWith each external link,<br \/>\nThere is a bit of text copied from\u00a0 homepage of these sites.<br \/>\nAs indicated in the heading, it is an index for me and maybe for you.<br \/>\nThe sites \/ solutions selected are for me remarkable in quality of writing or interest.<br \/>\n<span style=\"color: #339966;\"><strong><span class=\"\">If I write, I write in green.<\/span><\/strong><\/span><\/span><\/p><\/blockquote>\n<hr \/>\n<p><strong>IN FACT WHO AM I ?<\/strong><\/p>\n<ul>\n<li><span id=\"result_box\" class=\"\" lang=\"en\"><span title=\"Un passionn\u00e9 de l'infographie \u00a0\u00a0\u00a0\u00a0\"><strong>Fan<\/strong> of computer graphics<\/span><\/span><\/li>\n<li><span id=\"result_box\" class=\"\" lang=\"en\"><span title=\"Ayant gard\u00e9 mon Apple IIe, mes manuels HELL \u00a0\u00a0\u00a0\u00a0\">Having kept my Apple IIe, my HELL manuals<\/span><\/span><\/li>\n<li><span id=\"result_box\" class=\"\" lang=\"en\"><span title=\"Ancien \u00e9l\u00e8ve des Gobelins, photo couleur, retoucheur &amp; repro \u00a0\u00a0\u00a0\u00a0\"><a href=\"https:\/\/www.gobelins-school.com\/\">Gobelins school<\/a> <span id=\"result_box\" class=\"short_text\" lang=\"en\"><span class=\"\">student<\/span><\/span>, color photo, retoucher &amp; repro<\/span><\/span><\/li>\n<li><strong><span id=\"result_box\" class=\"\" lang=\"en\"><span title=\"En charge \u00a0\u00a0\u00a0\u00a0\u00a0\u00a0\u00a0\u00a0\">In charge<\/span><\/span><\/strong>\n<ul>\n<li><span id=\"result_box\" class=\"\" lang=\"en\"><span title=\"DAM de production (+ de 18 ans) \u00a0\u00a0\u00a0\u00a0\u00a0\u00a0\u00a0\u00a0\">Production DAM (since 1998)<br \/>\n<\/span><\/span><\/li>\n<li><span id=\"result_box\" class=\"\" lang=\"en\"><span title=\"Workflows Dalim Twist depuis (+ de 12 ans) \u00a0\u00a0\u00a0\u00a0\u00a0\u00a0\u00a0\u00a0\">Workflows Dalim Twist since (since 2001)<\/span><\/span><\/li>\n<li><span id=\"result_box\" class=\"\" lang=\"en\"><span title=\"Automatisations \u00a0\u00a0\u00a0\u00a0\u00a0\u00a0\u00a0\u00a0\">Automation<br \/>\n<\/span><\/span><\/li>\n<li><span id=\"result_box\" class=\"\" lang=\"en\"><span title=\"Intranet CMS pour les tutos de process interne \u00a0\u00a0\u00a0\u00a0\u00a0\u00a0\u00a0\u00a0\">Intranet CMS for internal process tutorials<br \/>\n<\/span><\/span><\/li>\n<li><span id=\"result_box\" class=\"\" lang=\"en\"><span title=\"D\u00e9ploiement\/training des outils internes et outils du groupe \u00a0\u00a0\u00a0\u00a0\">Deployment \/ training of internal tools and tools<\/span><\/span><\/li>\n<\/ul>\n<\/li>\n<li><strong><span id=\"result_box\" class=\"\" lang=\"en\"><span title=\"En collaboration avec \u00a0\u00a0\u00a0\u00a0\u00a0\u00a0\u00a0\u00a0\">In collaboration with<\/span><\/span><\/strong>\n<ul>\n<li><span id=\"result_box\" class=\"\" lang=\"en\"><span title=\"L'IT du groupe Publicis \u00a0\u00a0\u00a0\u00a0\u00a0\u00a0\u00a0\u00a0\">Publicis Group&#8217;s IT<\/span><\/span><\/li>\n<li><span id=\"result_box\" class=\"\" lang=\"en\"><span title=\"Des \u00e9diteurs et integrateurs de logiciel \u00a0\u00a0\u00a0\u00a0\">Software publishers and integrators<\/span><\/span><span id=\"result_box\" class=\"\" lang=\"en\"><\/span><\/li>\n<\/ul>\n<\/li>\n<li><strong><span id=\"result_box\" class=\"\" lang=\"en\"><span title=\"La Direction de production et commerciale \u00a0\u00a0\u00a0\u00a0\u00a0\u00a0\u00a0\u00a0\">To serve<\/span><\/span><\/strong>\n<ul>\n<li><span id=\"result_box\" class=\"\" lang=\"en\"><span title=\"La Direction de production et commerciale \u00a0\u00a0\u00a0\u00a0\u00a0\u00a0\u00a0\u00a0\">The Production team and Sale Department<\/span><\/span><\/li>\n<li><span id=\"result_box\" class=\"\" lang=\"en\"><span title=\"Les infographistes et chef de projets print et digital \u00a0\u00a0\u00a0\u00a0\">Graphic designers and print and digital project managers<\/span><\/span><\/li>\n<\/ul>\n<\/li>\n<li><span id=\"result_box\" class=\"\" lang=\"en\"><span title=\"Comp\u00e9tences + : shellscript, mysql, php, Filemaker \u00a0\u00a0\u00a0\u00a0\"><strong>Skills + (not geek but&#8230;) :<\/strong> shellscript, mysql, php, chartjs, Filemaker<br \/>\n<\/span><\/span><\/li>\n<li><span id=\"result_box\" class=\"\" lang=\"en\"><span title=\"Le tout utilis\u00e9 pour la vie des fichiers (in\/out, dispatch and reports) \u00a0\u00a0\u00a0\u00a0\">All that used for <strong>the life of files<\/strong> (in \/ out, dispatch and reports)<\/span><\/span><\/li>\n<li><span id=\"result_box\" class=\"\" lang=\"en\"><span title=\"Toujours disponible pour les lucides et non pas les stupides \u00a0\u00a0\u00a0\u00a0\">Always <strong>available<\/strong> for the <strong>lucid<\/strong> and not the stupid<\/span><\/span><\/li>\n<li>My concept : &#8220;If you search, you find. If you need, you ask&#8221;<\/li>\n<li><span id=\"result_box\" class=\"\" lang=\"en\"><span title=\"Autre keywords : connect\u00e9, curieux, self training, ouvert, cr\u00e9atif \u00a0\u00a0\u00a0\u00a0\">Other keywords: <strong>connected, curious, self training, open, creative<\/strong><\/span><\/span><\/li>\n<li><span id=\"result_box\" class=\"\" lang=\"en\"><span title=\"Passions : Musicien multi instrumentiste, kitesurf (15 ans), depuis peu &quot;Long-board Downhill&quot;\">Passions: Musician multi-instrumentalist, enduro motorbike, kitesurf (since 2000), recently &#8220;Long-board Downhill&#8221;<\/span><\/span><\/li>\n<\/ul>\n<a href=\"http:\/\/helpful.my-mind.online?product_cat=all\" class=\"medium otw-green radius otw-button\">INDEX PRODUCT SELECTED<\/a>\n<a href=\"http:\/\/helpful.my-mind.online?post_type=post\" class=\"medium otw-orange radius otw-button\">BLOG &amp; ARTICLE<\/a>\n<hr \/>\n<p><b class=\"u-linkComplex-target\"><\/b><b class=\"u-linkComplex-target\"><a href=\"https:\/\/www.linkedin.com\/in\/pascal-robin-pro\/?originalSubdomain=fr\" target=\"_blank\" rel=\"noopener noreferrer\">Linkedin<\/a> <a class=\"ProfileHeaderCard-screennameLink u-linkComplex js-nav broken_link\" href=\"https:\/\/twitter.com\/probin_pro\" target=\"_blank\" rel=\"noopener noreferrer\"><img loading=\"lazy\" decoding=\"async\" class=\"alignnone wp-image-2010 \" src=\"http:\/\/helpful.my-mind.online\/wp-content\/uploads\/2018\/01\/is.jpeg\" alt=\"\" width=\"38\" height=\"38\" srcset=\"https:\/\/helpful.my-mind.online\/wp-content\/uploads\/2018\/01\/is.jpeg 341w, https:\/\/helpful.my-mind.online\/wp-content\/uploads\/2018\/01\/is-150x150.jpeg 150w, https:\/\/helpful.my-mind.online\/wp-content\/uploads\/2018\/01\/is-100x100.jpeg 100w\" sizes=\"auto, (max-width: 38px) 100vw, 38px\" \/>@probin_pro<\/a><\/b><\/p>\n","protected":false},"excerpt":{"rendered":"<p>IMPORTANT Je ne pirate pas les sites, je capte et s\u00e9lectionne de l&#8217;info. Avec chaque lien externe, il y a un peu de texte souvant copi\u00e9 sur de la page &#8230;<\/p>\n","protected":false},"author":1,"featured_media":0,"parent":0,"menu_order":0,"comment_status":"closed","ping_status":"closed","template":"","meta":{"footnotes":""},"class_list":["post-254","page","type-page","status-publish","hentry"],"_links":{"self":[{"href":"https:\/\/helpful.my-mind.online\/index.php?rest_route=\/wp\/v2\/pages\/254","targetHints":{"allow":["GET"]}}],"collection":[{"href":"https:\/\/helpful.my-mind.online\/index.php?rest_route=\/wp\/v2\/pages"}],"about":[{"href":"https:\/\/helpful.my-mind.online\/index.php?rest_route=\/wp\/v2\/types\/page"}],"author":[{"embeddable":true,"href":"https:\/\/helpful.my-mind.online\/index.php?rest_route=\/wp\/v2\/users\/1"}],"replies":[{"embeddable":true,"href":"https:\/\/helpful.my-mind.online\/index.php?rest_route=%2Fwp%2Fv2%2Fcomments&post=254"}],"version-history":[{"count":55,"href":"https:\/\/helpful.my-mind.online\/index.php?rest_route=\/wp\/v2\/pages\/254\/revisions"}],"predecessor-version":[{"id":4142,"href":"https:\/\/helpful.my-mind.online\/index.php?rest_route=\/wp\/v2\/pages\/254\/revisions\/4142"}],"wp:attachment":[{"href":"https:\/\/helpful.my-mind.online\/index.php?rest_route=%2Fwp%2Fv2%2Fmedia&parent=254"}],"curies":[{"name":"wp","href":"https:\/\/api.w.org\/{rel}","templated":true}]}}